{"id":1581,"date":"2024-10-07T17:33:52","date_gmt":"2024-10-07T15:33:52","guid":{"rendered":"https:\/\/fxsunfurlers.com\/domande-frequenti\/"},"modified":"2025-10-13T16:51:30","modified_gmt":"2025-10-13T14:51:30","slug":"domande-frequenti","status":"publish","type":"page","link":"https:\/\/www.fxsunfurlers.com\/it\/domande-frequenti\/","title":{"rendered":"DOMANDE FREQUENTI"},"content":{"rendered":"\n<h2 class=\"wp-block-heading\">Particolarit\u00e0<\/h2>\n\n    <div class=\"cms-accordeons\">\n                    <details class=\"cms-accordeon\">\n                <summary class=\"head\">\n                    Perch\u00e9 scegliere una vela avvolgibile con il sistema FXsun?                                              <span class=\"cms-accordeon__arrow\"><svg class=\"icon\">\n            <use xlink:href=\"#icon-short-arrow\"><\/use>\n        <\/svg><\/span>\n                                    <\/summary>\n                <div class=\"body flex flex-col gap-3\">\n                    <div>\n                        Il sistema FXsun ti permette di avvolgere e svolgere il telo ombreggiante in un attimo, in base alle tue esigenze.                    <\/div>\n\n                                    <\/div>\n            <\/details>\n                    <details class=\"cms-accordeon\">\n                <summary class=\"head\">\n                    Posso installare il sistema FXsun da solo?                                            <span class=\"cms-accordeon__arrow\"><svg class=\"icon\">\n            <use xlink:href=\"#icon-short-arrow\"><\/use>\n        <\/svg><\/span>\n                                    <\/summary>\n                <div class=\"body flex flex-col gap-3\">\n                    <div>\n                        Il sistema FXsun deve essere installato dai nostri rivenditori autorizzati, che ti consiglieranno sul tuo progetto e ti forniranno assistenza post-vendita.                    <\/div>\n\n                                    <\/div>\n            <\/details>\n                    <details class=\"cms-accordeon\">\n                <summary class=\"head\">\n                    Dove posso trovare un programma di installazione di FXsun?                                            <span class=\"cms-accordeon__arrow\"><svg class=\"icon\">\n            <use xlink:href=\"#icon-short-arrow\"><\/use>\n        <\/svg><\/span>\n                                    <\/summary>\n                <div class=\"body flex flex-col gap-3\">\n                    <div>\n                        <a href=\"https:\/\/fxsunfurlers.com\/it\/contatti-individuali\/\" target=\"_blank\">Contatta un rivenditore vicino a te<\/a>                    <\/div>\n\n                                    <\/div>\n            <\/details>\n                    <details class=\"cms-accordeon\">\n                <summary class=\"head\">\n                    I sistemi di avvolgimento FXsun per vele ombreggianti sono garantiti?                                             <span class=\"cms-accordeon__arrow\"><svg class=\"icon\">\n            <use xlink:href=\"#icon-short-arrow\"><\/use>\n        <\/svg><\/span>\n                                    <\/summary>\n                <div class=\"body flex flex-col gap-3\">\n                    <div>\n                        I meccanismi FXsun hanno una garanzia di 5 anni. L&#8217;assistenza post-vendita \u00e8 fornita dai nostri installatori autorizzati.                       <\/div>\n\n                                    <\/div>\n            <\/details>\n                    <details class=\"cms-accordeon\">\n                <summary class=\"head\">\n                    Che cos&#8217;\u00e8 il telo di una vela avvolgibile?                                              <span class=\"cms-accordeon__arrow\"><svg class=\"icon\">\n            <use xlink:href=\"#icon-short-arrow\"><\/use>\n        <\/svg><\/span>\n                                    <\/summary>\n                <div class=\"body flex flex-col gap-3\">\n                    <div>\n                        La scotta \u00e8 la corda attaccata alla punta della vela. Se la vela ombreggiante \u00e8 un quadrilatero, ci sono due estremit\u00e0 e quindi due scotte. Scotta \u00e8 un termine nautico, perch\u00e9 su una barca ogni corda ha un nome specifico per garantire manovre efficienti!                      <\/div>\n\n                                    <\/div>\n            <\/details>\n            <\/div>\n    \n\n<h2 class=\"wp-block-heading\">Professionisti<\/h2>\n\n    <div class=\"cms-accordeons\">\n                    <details class=\"cms-accordeon\">\n                <summary class=\"head\">\n                    Come scegliere il giusto avvolgitore FXsun?                                            <span class=\"cms-accordeon__arrow\"><svg class=\"icon\">\n            <use xlink:href=\"#icon-short-arrow\"><\/use>\n        <\/svg><\/span>\n                                    <\/summary>\n                <div class=\"body flex flex-col gap-3\">\n                    <div>\n                        La scelta del modello FXsun dipende dalla superficie della vela ombreggiante da avvolgere e dalla lunghezza del cavo anti-torsione attorno al quale la vela viene avvolta e svolta.                    <\/div>\n\n                                    <\/div>\n            <\/details>\n                    <details class=\"cms-accordeon\">\n                <summary class=\"head\">\n                    Di cosa sono fatti i kit FXsun?                                              <span class=\"cms-accordeon__arrow\"><svg class=\"icon\">\n            <use xlink:href=\"#icon-short-arrow\"><\/use>\n        <\/svg><\/span>\n                                    <\/summary>\n                <div class=\"body flex flex-col gap-3\">\n                    <div>\n                        Il kit FXsun completo comprende un insieme &#8220;meccanismo&#8221; (una puleggia dentata e un terminale girevole), un particolare &#8220;cavo anti-torsione&#8221; con 2 capicorda e infine un gruppo &#8220;scotta di manovra&#8221; per azionare la puleggia dentata e avvolgere la vela ombreggiante.                    <\/div>\n\n                                    <\/div>\n            <\/details>\n                    <details class=\"cms-accordeon\">\n                <summary class=\"head\">\n                    Come posso diventare un installatore FXsun?                                              <span class=\"cms-accordeon__arrow\"><svg class=\"icon\">\n            <use xlink:href=\"#icon-short-arrow\"><\/use>\n        <\/svg><\/span>\n                                    <\/summary>\n                <div class=\"body flex flex-col gap-3\">\n                    <div>\n                        Compila il <a href=\"https:\/\/fxsunfurlers.com\/it\/contact-pro\/\" target=\"_blank\">modulo dedicato<\/a>                    <\/div>\n\n                                    <\/div>\n            <\/details>\n                    <details class=\"cms-accordeon\">\n                <summary class=\"head\">\n                    Come si installa il kit ATC?                                            <span class=\"cms-accordeon__arrow\"><svg class=\"icon\">\n            <use xlink:href=\"#icon-short-arrow\"><\/use>\n        <\/svg><\/span>\n                                    <\/summary>\n                <div class=\"body flex flex-col gap-3\">\n                    <div>\n                        Guarda il <a href=\"https:\/\/www.youtube.com\/watch?v=bIyUsdn_Ks0&amp;list=PLH1GvKfaY5sZFBoo0BBXtUjYCNLyTkXur&amp;index=8\" target=\"_blank\">tutorial<\/a> sul nostro canale Youtube. \r\n\r\n                    <\/div>\n\n                                    <\/div>\n            <\/details>\n                    <details class=\"cms-accordeon\">\n                <summary class=\"head\">\n                    Dove posso trovare schede tecniche, istruzioni per l&#8217;uso e istruzioni di montaggio?                                            <span class=\"cms-accordeon__arrow\"><svg class=\"icon\">\n            <use xlink:href=\"#icon-short-arrow\"><\/use>\n        <\/svg><\/span>\n                                    <\/summary>\n                <div class=\"body flex flex-col gap-3\">\n                    <div>\n                        Trova tutti i documenti nella sezione del <a href=\"https:\/\/fxsunfurlers.com\/it\/informazioni-tecniche\/\" target=\"_blank\">supporto tecnico<\/a>                    <\/div>\n\n                                    <\/div>\n            <\/details>\n            <\/div>\n    \n\n<p><\/p>\n","protected":false},"excerpt":{"rendered":"<p>Particolarit\u00e0 Professionisti<\/p>\n","protected":false},"author":8,"featured_media":0,"parent":0,"menu_order":0,"comment_status":"closed","ping_status":"closed","template":"","meta":{"_acf_changed":false,"footnotes":""},"class_list":["post-1581","page","type-page","status-publish","hentry"],"acf":[],"yoast_head":"<!-- This site is optimized with the Yoast SEO plugin v27.5 - https:\/\/yoast.com\/product\/yoast-seo-wordpress\/ -->\n<title>DOMANDE FREQUENTI - FXSun<\/title>\n<meta name=\"robots\" content=\"index, follow, max-snippet:-1, max-image-preview:large, max-video-preview:-1\" \/>\n<link rel=\"canonical\" href=\"https:\/\/www.fxsunfurlers.com\/it\/domande-frequenti\/\" \/>\n<meta property=\"og:locale\" content=\"it_IT\" \/>\n<meta property=\"og:type\" content=\"article\" \/>\n<meta property=\"og:title\" content=\"DOMANDE FREQUENTI - FXSun\" \/>\n<meta property=\"og:description\" content=\"Particolarit\u00e0 Professionisti\" \/>\n<meta property=\"og:url\" content=\"https:\/\/www.fxsunfurlers.com\/it\/domande-frequenti\/\" \/>\n<meta property=\"og:site_name\" content=\"FXSun\" \/>\n<meta property=\"article:modified_time\" content=\"2025-10-13T14:51:30+00:00\" \/>\n<meta name=\"twitter:card\" content=\"summary_large_image\" \/>\n<meta name=\"twitter:label1\" content=\"Est. reading time\" \/>\n\t<meta name=\"twitter:data1\" content=\"1 minute\" \/>\n<script type=\"application\/ld+json\" class=\"yoast-schema-graph\">{\"@context\":\"https:\\\/\\\/schema.org\",\"@graph\":[{\"@type\":\"WebPage\",\"@id\":\"https:\\\/\\\/www.fxsunfurlers.com\\\/it\\\/domande-frequenti\\\/\",\"url\":\"https:\\\/\\\/www.fxsunfurlers.com\\\/it\\\/domande-frequenti\\\/\",\"name\":\"DOMANDE FREQUENTI - FXSun\",\"isPartOf\":{\"@id\":\"https:\\\/\\\/www.fxsunfurlers.com\\\/it\\\/#website\"},\"datePublished\":\"2024-10-07T15:33:52+00:00\",\"dateModified\":\"2025-10-13T14:51:30+00:00\",\"breadcrumb\":{\"@id\":\"https:\\\/\\\/www.fxsunfurlers.com\\\/it\\\/domande-frequenti\\\/#breadcrumb\"},\"inLanguage\":\"it-IT\",\"potentialAction\":[{\"@type\":\"ReadAction\",\"target\":[\"https:\\\/\\\/www.fxsunfurlers.com\\\/it\\\/domande-frequenti\\\/\"]}]},{\"@type\":\"BreadcrumbList\",\"@id\":\"https:\\\/\\\/www.fxsunfurlers.com\\\/it\\\/domande-frequenti\\\/#breadcrumb\",\"itemListElement\":[{\"@type\":\"ListItem\",\"position\":1,\"name\":\"Accueil\",\"item\":\"https:\\\/\\\/www.fxsunfurlers.com\\\/it\\\/\"},{\"@type\":\"ListItem\",\"position\":2,\"name\":\"DOMANDE FREQUENTI\"}]},{\"@type\":\"WebSite\",\"@id\":\"https:\\\/\\\/www.fxsunfurlers.com\\\/it\\\/#website\",\"url\":\"https:\\\/\\\/www.fxsunfurlers.com\\\/it\\\/\",\"name\":\"FXSun\",\"description\":\"Solution marine pour voiles d&#039;ombrage\",\"potentialAction\":[{\"@type\":\"SearchAction\",\"target\":{\"@type\":\"EntryPoint\",\"urlTemplate\":\"https:\\\/\\\/www.fxsunfurlers.com\\\/it\\\/?s={search_term_string}\"},\"query-input\":{\"@type\":\"PropertyValueSpecification\",\"valueRequired\":true,\"valueName\":\"search_term_string\"}}],\"inLanguage\":\"it-IT\"}]}<\/script>\n<!-- \/ Yoast SEO plugin. -->","yoast_head_json":{"title":"DOMANDE FREQUENTI - FXSun","robots":{"index":"index","follow":"follow","max-snippet":"max-snippet:-1","max-image-preview":"max-image-preview:large","max-video-preview":"max-video-preview:-1"},"canonical":"https:\/\/www.fxsunfurlers.com\/it\/domande-frequenti\/","og_locale":"it_IT","og_type":"article","og_title":"DOMANDE FREQUENTI - FXSun","og_description":"Particolarit\u00e0 Professionisti","og_url":"https:\/\/www.fxsunfurlers.com\/it\/domande-frequenti\/","og_site_name":"FXSun","article_modified_time":"2025-10-13T14:51:30+00:00","twitter_card":"summary_large_image","twitter_misc":{"Est. reading time":"1 minute"},"schema":{"@context":"https:\/\/schema.org","@graph":[{"@type":"WebPage","@id":"https:\/\/www.fxsunfurlers.com\/it\/domande-frequenti\/","url":"https:\/\/www.fxsunfurlers.com\/it\/domande-frequenti\/","name":"DOMANDE FREQUENTI - FXSun","isPartOf":{"@id":"https:\/\/www.fxsunfurlers.com\/it\/#website"},"datePublished":"2024-10-07T15:33:52+00:00","dateModified":"2025-10-13T14:51:30+00:00","breadcrumb":{"@id":"https:\/\/www.fxsunfurlers.com\/it\/domande-frequenti\/#breadcrumb"},"inLanguage":"it-IT","potentialAction":[{"@type":"ReadAction","target":["https:\/\/www.fxsunfurlers.com\/it\/domande-frequenti\/"]}]},{"@type":"BreadcrumbList","@id":"https:\/\/www.fxsunfurlers.com\/it\/domande-frequenti\/#breadcrumb","itemListElement":[{"@type":"ListItem","position":1,"name":"Accueil","item":"https:\/\/www.fxsunfurlers.com\/it\/"},{"@type":"ListItem","position":2,"name":"DOMANDE FREQUENTI"}]},{"@type":"WebSite","@id":"https:\/\/www.fxsunfurlers.com\/it\/#website","url":"https:\/\/www.fxsunfurlers.com\/it\/","name":"FXSun","description":"Solution marine pour voiles d&#039;ombrage","potentialAction":[{"@type":"SearchAction","target":{"@type":"EntryPoint","urlTemplate":"https:\/\/www.fxsunfurlers.com\/it\/?s={search_term_string}"},"query-input":{"@type":"PropertyValueSpecification","valueRequired":true,"valueName":"search_term_string"}}],"inLanguage":"it-IT"}]}},"_links":{"self":[{"href":"https:\/\/www.fxsunfurlers.com\/it\/wp-json\/wp\/v2\/pages\/1581","targetHints":{"allow":["GET"]}}],"collection":[{"href":"https:\/\/www.fxsunfurlers.com\/it\/wp-json\/wp\/v2\/pages"}],"about":[{"href":"https:\/\/www.fxsunfurlers.com\/it\/wp-json\/wp\/v2\/types\/page"}],"author":[{"embeddable":true,"href":"https:\/\/www.fxsunfurlers.com\/it\/wp-json\/wp\/v2\/users\/8"}],"replies":[{"embeddable":true,"href":"https:\/\/www.fxsunfurlers.com\/it\/wp-json\/wp\/v2\/comments?post=1581"}],"version-history":[{"count":4,"href":"https:\/\/www.fxsunfurlers.com\/it\/wp-json\/wp\/v2\/pages\/1581\/revisions"}],"predecessor-version":[{"id":1645,"href":"https:\/\/www.fxsunfurlers.com\/it\/wp-json\/wp\/v2\/pages\/1581\/revisions\/1645"}],"wp:attachment":[{"href":"https:\/\/www.fxsunfurlers.com\/it\/wp-json\/wp\/v2\/media?parent=1581"}],"curies":[{"name":"wp","href":"https:\/\/api.w.org\/{rel}","templated":true}]}}