{"id":1579,"date":"2025-03-06T11:07:45","date_gmt":"2025-03-06T10:07:45","guid":{"rendered":"https:\/\/fxsunfurlers.com\/i-nostri-consigli\/"},"modified":"2025-09-01T16:16:45","modified_gmt":"2025-09-01T14:16:45","slug":"i-nostri-consigli","status":"publish","type":"page","link":"https:\/\/www.fxsunfurlers.com\/it\/i-nostri-consigli\/","title":{"rendered":"I nostri consigli"},"content":{"rendered":"\n<h2 class=\"wp-block-heading has-text-align-center\">Consigli di FACNOR<\/h2>\n\n\n\n<div class=\"wp-block-columns is-layout-flex wp-container-core-columns-is-layout-9d6595d7 wp-block-columns-is-layout-flex\">\n<div class=\"wp-block-column is-layout-flow wp-block-column-is-layout-flow\">\n    <div class=\"cms-accordeons\">\n                    <details class=\"cms-accordeon\">\n                <summary class=\"head\">\n                    Un blocco cime di comando                                            <span class=\"cms-accordeon__arrow\"><svg class=\"icon\">\n            <use xlink:href=\"#icon-short-arrow\"><\/use>\n        <\/svg><\/span>\n                                    <\/summary>\n                <div class=\"body flex flex-col gap-3\">\n                    <div>\n                        &#8220;All&#8217;estremit\u00e0 del telo si pu\u00f2 applicare un blocco Wichard per evitare che il telo si muova verso l&#8217;alto se viene utilizzato in modo errato&#8221;.                    <\/div>\n\n                                            <img decoding=\"async\" loading=\"lazy\" src=\"https:\/\/www.fxsunfurlers.com\/wp-content\/uploads\/2025\/06\/FXSUN_CADENE_ACCESSOIRE.jpg\" alt=\"\" class=\"max-w-[200px] w-full\" \/>\n                                    <\/div>\n            <\/details>\n                    <details class=\"cms-accordeon\">\n                <summary class=\"head\">\n                    La galloccia winch                                            <span class=\"cms-accordeon__arrow\"><svg class=\"icon\">\n            <use xlink:href=\"#icon-short-arrow\"><\/use>\n        <\/svg><\/span>\n                                    <\/summary>\n                <div class=\"body flex flex-col gap-3\">\n                    <div>\n                        Facnor ha sviluppato un&#8217;esclusiva galloccia per ottimizzare e rendere sicuro il tensionamento della scotta della vela ombreggiante. La scotta diventa ancora pi\u00f9 facile da gestire.                     <\/div>\n\n                                            <img decoding=\"async\" loading=\"lazy\" src=\"https:\/\/www.fxsunfurlers.com\/wp-content\/uploads\/2025\/06\/Taquetwinch.jpg\" alt=\"\" class=\"max-w-[200px] w-full\" \/>\n                                    <\/div>\n            <\/details>\n            <\/div>\n    \n<\/div>\n\n\n\n<div class=\"wp-block-column is-layout-flow wp-block-column-is-layout-flow\">\n    <div class=\"cms-accordeons\">\n                    <details class=\"cms-accordeon\">\n                <summary class=\"head\">\n                    Manutenzione dell&#8217;avvolgifiocco FXsun                                            <span class=\"cms-accordeon__arrow\"><svg class=\"icon\">\n            <use xlink:href=\"#icon-short-arrow\"><\/use>\n        <\/svg><\/span>\n                                    <\/summary>\n                <div class=\"body flex flex-col gap-3\">\n                    <div>\n                        Gli avvolgifiocco FXsun non richiedono manutenzione perch\u00e9 i meccanismi sono a tenuta stagna. Tuttavia, se vivi al mare, di tanto in tanto puoi sciacquare l&#8217;avvolgitore, la girella e le redance in acqua pulita.                     <\/div>\n\n                                    <\/div>\n            <\/details>\n                    <details class=\"cms-accordeon\">\n                <summary class=\"head\">\n                    Come proteggere la tua tenda avvolgibile e il sistema FXsun in inverno?                                              <span class=\"cms-accordeon__arrow\"><svg class=\"icon\">\n            <use xlink:href=\"#icon-short-arrow\"><\/use>\n        <\/svg><\/span>\n                                    <\/summary>\n                <div class=\"body flex flex-col gap-3\">\n                    <div>\n                        In inverno, ti consigliamo di riporre la tua vela ombreggiante e il suo sistema avvolgibile o di proteggerli con una copertura su misura per tenere tutto al sicuro.                    <\/div>\n\n                                            <img decoding=\"async\" loading=\"lazy\" src=\"https:\/\/www.fxsunfurlers.com\/wp-content\/uploads\/2025\/06\/voile_housse_02.jpeg\" alt=\"\" class=\"max-w-[200px] w-full\" \/>\n                                    <\/div>\n            <\/details>\n            <\/div>\n    \n<\/div>\n<\/div>\n\n\n\n<p><\/p>\n\n\n\n<h2 class=\"wp-block-heading has-text-align-center\">Video<\/h2>\n\n\n\n<div class=\"wp-block-columns is-layout-flex wp-container-core-columns-is-layout-9d6595d7 wp-block-columns-is-layout-flex\">\n<div class=\"wp-block-column is-layout-flow wp-block-column-is-layout-flow\">\n<figure class=\"wp-block-embed is-type-video is-provider-youtube wp-block-embed-youtube wp-embed-aspect-16-9 wp-has-aspect-ratio\"><div class=\"wp-block-embed__wrapper\">\n<iframe loading=\"lazy\" title=\"FXSun : D\u00e9rouler une voile d&#039;ombrage avec un emmagasineur \/ UNfuurl a shade sail with a FXSun Furler\" width=\"500\" height=\"281\" src=\"https:\/\/www.youtube.com\/embed\/QoAudDl3Si0?list=PLH1GvKfaY5sZFBoo0BBXtUjYCNLyTkXur\" frameborder=\"0\" allow=\"accelerometer; autoplay; clipboard-write; encrypted-media; gyroscope; picture-in-picture; web-share\" referrerpolicy=\"strict-origin-when-cross-origin\" allowfullscreen><\/iframe>\n<\/div><\/figure>\n<\/div>\n\n\n\n<div class=\"wp-block-column is-layout-flow wp-block-column-is-layout-flow\">\n<figure class=\"wp-block-embed is-type-video is-provider-youtube wp-block-embed-youtube wp-embed-aspect-16-9 wp-has-aspect-ratio\"><div class=\"wp-block-embed__wrapper\">\n<iframe loading=\"lazy\" title=\"Facnor T-Winch for shade sails - TWinch pour voiles d&#039;ombrage\" width=\"500\" height=\"281\" src=\"https:\/\/www.youtube.com\/embed\/-sdNTuefns4?list=PLH1GvKfaY5sZFBoo0BBXtUjYCNLyTkXur\" frameborder=\"0\" allow=\"accelerometer; autoplay; clipboard-write; encrypted-media; gyroscope; picture-in-picture; web-share\" referrerpolicy=\"strict-origin-when-cross-origin\" allowfullscreen><\/iframe>\n<\/div><\/figure>\n<\/div>\n<\/div>\n\n\n    <a href=\"https:\/\/www.youtube.com\/playlist?list=PLH1GvKfaY5sZFBoo0BBXtUjYCNLyTkXur\" class=\"cms-button\" target=\"\">\n        Trova tutti i nostri video su YOUTUBE    <\/a>\n\n\n\n<p><\/p>\n\n\n\n<h2 class=\"wp-block-heading has-text-align-center\">Recensioni dei clienti<\/h2>\n\n\n\n<div class=\"wp-block-columns is-layout-flex wp-container-core-columns-is-layout-9d6595d7 wp-block-columns-is-layout-flex\">\n<div class=\"wp-block-column is-layout-flow wp-block-column-is-layout-flow\">    <div class=\"cms-temoignage-card\">\n        <img decoding=\"async\" src=\"https:\/\/www.fxsunfurlers.com\/wp-content\/uploads\/2025\/03\/Julie-170x170.jpeg\" alt=\"\" class=\"illustration\">\n        <div class=\"head\">\n            <p class=\"nom\">Julie<\/p>\n            <p class=\"role\">Proprietario e utente di un FXsun (regione di Nantes)<\/p>\n        <\/div>\n        <p class=\"temoignage\">&#8220;I teli ombreggianti spezzano le linee rette della casa, dandole un&#8217;aria moderna e ricordandoci l&#8217;atmosfera balneare di Nantes (dove viviamo). (&#8230;) Il fatto che si possano avvolgere, in modo da potersi riparare dal sole la sera o in qualsiasi momento della giornata, \u00e8 molto pratico&#8221;.<\/p>\n\n                    <a href=\"https:\/\/youtu.be\/tahSEjPbCjY?si=WOKHzbx0Z0S0FyQZ\" class=\"button\" target=\"blank\">\n                <svg class=\"icon\">\n            <use xlink:href=\"#icon-video-round\"><\/use>\n        <\/svg>                Vedi l&#8217;intervista completa            <\/a>            \n            <\/div>\n<\/div>\n\n\n\n<div class=\"wp-block-column is-layout-flow wp-block-column-is-layout-flow\">    <div class=\"cms-temoignage-card\">\n        <img decoding=\"async\" src=\"https:\/\/www.fxsunfurlers.com\/wp-content\/uploads\/2024\/10\/Yoshie-170x170.jpeg\" alt=\"\" class=\"illustration\">\n        <div class=\"head\">\n            <p class=\"nom\">Yoshie Misaki<\/p>\n            <p class=\"role\">Azienda designer FUJITA SHOKAI<\/p>\n        <\/div>\n        <p class=\"temoignage\">&#8220;Ho installato pi\u00f9 di 30 vele ombreggianti FX Sun (&#8230;) Trovo i sistemi avvolgibili FXSun di Facnor molto sicuri e pratici perch\u00e9 \u00e8 facile chiudere la vela ombreggiante e aprirla fuori di nuovo a seconda dei cambiamenti meteorologici, che possono essere significativi in Giappone. Raccomando i sistemi FXSun perch\u00e9 sono semplici nel design e facili da utilizzare&#8230;.&#8221;<br>Guarda l&#8217;intervista completa<\/p>\n\n                    <a href=\"https:\/\/youtu.be\/FXqmBbj2AhE?si=9rjD1q4DyrjcHB_n\" class=\"button\" target=\"blank\">\n                <svg class=\"icon\">\n            <use xlink:href=\"#icon-video-round\"><\/use>\n        <\/svg>                Vedi l&#8217;intervista completa            <\/a>            \n            <\/div>\n<\/div>\n\n\n\n<div class=\"wp-block-column is-layout-flow wp-block-column-is-layout-flow\">    <div class=\"cms-temoignage-card\">\n        <img decoding=\"async\" src=\"https:\/\/www.fxsunfurlers.com\/wp-content\/uploads\/2025\/06\/david-170x170.jpg\" alt=\"\" class=\"illustration\">\n        <div class=\"head\">\n            <p class=\"nom\">David<\/p>\n            <p class=\"role\">Installatore FXsun AXE SAIL<\/p>\n        <\/div>\n        <p class=\"temoignage\">&#8220;Installiamo teli ombreggianti dotati di avvolgitori FXsun. Il vantaggio del sistema \u00e8 la sua facilit\u00e0 d&#8217;uso. Eseguiamo tutto il montaggio nella nostra sede e quando arriviamo dal cliente lo installiamo facilmente. \u00c8 un sistema chiavi in mano. Siamo molto contenti di lavorare con questi avvolgitori perch\u00e9 sono prodotti interamente in Francia&#8221;.<\/p>\n\n                    <a href=\"https:\/\/www.youtube.com\/watch?v=o3DjB4PFYkI&#038;list=PLH1GvKfaY5sZFBoo0BBXtUjYCNLyTkXur&#038;index=6\" class=\"button\" target=\"blank\">\n                <svg class=\"icon\">\n            <use xlink:href=\"#icon-video-round\"><\/use>\n        <\/svg>                Vedi l&#8217;intervista completa            <\/a>            \n            <\/div>\n<\/div>\n<\/div>\n\n\n\n<p><\/p>\n","protected":false},"excerpt":{"rendered":"<p>Consigli di FACNOR Video Recensioni dei clienti<\/p>\n","protected":false},"author":8,"featured_media":0,"parent":0,"menu_order":0,"comment_status":"closed","ping_status":"closed","template":"","meta":{"_acf_changed":false,"footnotes":""},"class_list":["post-1579","page","type-page","status-publish","hentry"],"acf":[],"yoast_head":"<!-- This site is optimized with the Yoast SEO plugin v27.5 - https:\/\/yoast.com\/product\/yoast-seo-wordpress\/ -->\n<title>I nostri consigli - FXSun<\/title>\n<meta name=\"robots\" content=\"index, follow, max-snippet:-1, max-image-preview:large, max-video-preview:-1\" \/>\n<link rel=\"canonical\" href=\"https:\/\/www.fxsunfurlers.com\/it\/i-nostri-consigli\/\" \/>\n<meta property=\"og:locale\" content=\"it_IT\" \/>\n<meta property=\"og:type\" content=\"article\" \/>\n<meta property=\"og:title\" content=\"I nostri consigli - FXSun\" \/>\n<meta property=\"og:description\" content=\"Consigli di FACNOR Video Recensioni dei clienti\" \/>\n<meta property=\"og:url\" content=\"https:\/\/www.fxsunfurlers.com\/it\/i-nostri-consigli\/\" \/>\n<meta property=\"og:site_name\" content=\"FXSun\" \/>\n<meta property=\"article:modified_time\" content=\"2025-09-01T14:16:45+00:00\" \/>\n<meta name=\"twitter:card\" content=\"summary_large_image\" \/>\n<meta name=\"twitter:label1\" content=\"Est. reading time\" \/>\n\t<meta name=\"twitter:data1\" content=\"1 minute\" \/>\n<script type=\"application\/ld+json\" class=\"yoast-schema-graph\">{\"@context\":\"https:\\\/\\\/schema.org\",\"@graph\":[{\"@type\":\"WebPage\",\"@id\":\"https:\\\/\\\/www.fxsunfurlers.com\\\/it\\\/i-nostri-consigli\\\/\",\"url\":\"https:\\\/\\\/www.fxsunfurlers.com\\\/it\\\/i-nostri-consigli\\\/\",\"name\":\"I nostri consigli - FXSun\",\"isPartOf\":{\"@id\":\"https:\\\/\\\/www.fxsunfurlers.com\\\/it\\\/#website\"},\"datePublished\":\"2025-03-06T10:07:45+00:00\",\"dateModified\":\"2025-09-01T14:16:45+00:00\",\"breadcrumb\":{\"@id\":\"https:\\\/\\\/www.fxsunfurlers.com\\\/it\\\/i-nostri-consigli\\\/#breadcrumb\"},\"inLanguage\":\"it-IT\",\"potentialAction\":[{\"@type\":\"ReadAction\",\"target\":[\"https:\\\/\\\/www.fxsunfurlers.com\\\/it\\\/i-nostri-consigli\\\/\"]}]},{\"@type\":\"BreadcrumbList\",\"@id\":\"https:\\\/\\\/www.fxsunfurlers.com\\\/it\\\/i-nostri-consigli\\\/#breadcrumb\",\"itemListElement\":[{\"@type\":\"ListItem\",\"position\":1,\"name\":\"Accueil\",\"item\":\"https:\\\/\\\/www.fxsunfurlers.com\\\/it\\\/\"},{\"@type\":\"ListItem\",\"position\":2,\"name\":\"I nostri consigli\"}]},{\"@type\":\"WebSite\",\"@id\":\"https:\\\/\\\/www.fxsunfurlers.com\\\/it\\\/#website\",\"url\":\"https:\\\/\\\/www.fxsunfurlers.com\\\/it\\\/\",\"name\":\"FXSun\",\"description\":\"Solution marine pour voiles d&#039;ombrage\",\"potentialAction\":[{\"@type\":\"SearchAction\",\"target\":{\"@type\":\"EntryPoint\",\"urlTemplate\":\"https:\\\/\\\/www.fxsunfurlers.com\\\/it\\\/?s={search_term_string}\"},\"query-input\":{\"@type\":\"PropertyValueSpecification\",\"valueRequired\":true,\"valueName\":\"search_term_string\"}}],\"inLanguage\":\"it-IT\"}]}<\/script>\n<!-- \/ Yoast SEO plugin. -->","yoast_head_json":{"title":"I nostri consigli - FXSun","robots":{"index":"index","follow":"follow","max-snippet":"max-snippet:-1","max-image-preview":"max-image-preview:large","max-video-preview":"max-video-preview:-1"},"canonical":"https:\/\/www.fxsunfurlers.com\/it\/i-nostri-consigli\/","og_locale":"it_IT","og_type":"article","og_title":"I nostri consigli - FXSun","og_description":"Consigli di FACNOR Video Recensioni dei clienti","og_url":"https:\/\/www.fxsunfurlers.com\/it\/i-nostri-consigli\/","og_site_name":"FXSun","article_modified_time":"2025-09-01T14:16:45+00:00","twitter_card":"summary_large_image","twitter_misc":{"Est. reading time":"1 minute"},"schema":{"@context":"https:\/\/schema.org","@graph":[{"@type":"WebPage","@id":"https:\/\/www.fxsunfurlers.com\/it\/i-nostri-consigli\/","url":"https:\/\/www.fxsunfurlers.com\/it\/i-nostri-consigli\/","name":"I nostri consigli - FXSun","isPartOf":{"@id":"https:\/\/www.fxsunfurlers.com\/it\/#website"},"datePublished":"2025-03-06T10:07:45+00:00","dateModified":"2025-09-01T14:16:45+00:00","breadcrumb":{"@id":"https:\/\/www.fxsunfurlers.com\/it\/i-nostri-consigli\/#breadcrumb"},"inLanguage":"it-IT","potentialAction":[{"@type":"ReadAction","target":["https:\/\/www.fxsunfurlers.com\/it\/i-nostri-consigli\/"]}]},{"@type":"BreadcrumbList","@id":"https:\/\/www.fxsunfurlers.com\/it\/i-nostri-consigli\/#breadcrumb","itemListElement":[{"@type":"ListItem","position":1,"name":"Accueil","item":"https:\/\/www.fxsunfurlers.com\/it\/"},{"@type":"ListItem","position":2,"name":"I nostri consigli"}]},{"@type":"WebSite","@id":"https:\/\/www.fxsunfurlers.com\/it\/#website","url":"https:\/\/www.fxsunfurlers.com\/it\/","name":"FXSun","description":"Solution marine pour voiles d&#039;ombrage","potentialAction":[{"@type":"SearchAction","target":{"@type":"EntryPoint","urlTemplate":"https:\/\/www.fxsunfurlers.com\/it\/?s={search_term_string}"},"query-input":{"@type":"PropertyValueSpecification","valueRequired":true,"valueName":"search_term_string"}}],"inLanguage":"it-IT"}]}},"_links":{"self":[{"href":"https:\/\/www.fxsunfurlers.com\/it\/wp-json\/wp\/v2\/pages\/1579","targetHints":{"allow":["GET"]}}],"collection":[{"href":"https:\/\/www.fxsunfurlers.com\/it\/wp-json\/wp\/v2\/pages"}],"about":[{"href":"https:\/\/www.fxsunfurlers.com\/it\/wp-json\/wp\/v2\/types\/page"}],"author":[{"embeddable":true,"href":"https:\/\/www.fxsunfurlers.com\/it\/wp-json\/wp\/v2\/users\/8"}],"replies":[{"embeddable":true,"href":"https:\/\/www.fxsunfurlers.com\/it\/wp-json\/wp\/v2\/comments?post=1579"}],"version-history":[{"count":5,"href":"https:\/\/www.fxsunfurlers.com\/it\/wp-json\/wp\/v2\/pages\/1579\/revisions"}],"predecessor-version":[{"id":1644,"href":"https:\/\/www.fxsunfurlers.com\/it\/wp-json\/wp\/v2\/pages\/1579\/revisions\/1644"}],"wp:attachment":[{"href":"https:\/\/www.fxsunfurlers.com\/it\/wp-json\/wp\/v2\/media?parent=1579"}],"curies":[{"name":"wp","href":"https:\/\/api.w.org\/{rel}","templated":true}]}}