{"id":1525,"date":"2025-03-06T11:02:48","date_gmt":"2025-03-06T10:02:48","guid":{"rendered":"https:\/\/fxsunfurlers.com\/la-nostra-rete-di-esperti\/"},"modified":"2025-08-27T15:41:17","modified_gmt":"2025-08-27T13:41:17","slug":"la-nostra-rete-di-esperti","status":"publish","type":"page","link":"https:\/\/www.fxsunfurlers.com\/it\/la-nostra-rete-di-esperti\/","title":{"rendered":"La nostra rete di esperti"},"content":{"rendered":"\n    <div class=\"cms-text-illustration -right\">\n        <div class=\"left\">\n            <h2>La nostra rete di esperti<\/h2>\n<p>Facnor si avvale di una rete di professionisti autorizzati in Francia e nel mondo. I nostri esperti forniscono l&#8217;installazione e l&#8217;assistenza post-vendita. Grazie alla loro consulenza personalizzata e individuale, possono aiutarti a realizzare il tuo progetto di protezione solare.  <\/p>\n\n                            <a href=\"https:\/\/fxsunfurlers.com\/it\/contatti-individuali\/\" class=\"cms-button -fit\" target=\"\">\n                    Contatta un installatore professionista                <\/a>\n                    <\/div>\n        <div class=\"right\">\n            <img decoding=\"async\" src=\"https:\/\/www.fxsunfurlers.com\/wp-content\/uploads\/2025\/06\/carte_rev-600x600.png\" alt=\"\" class=\"illustration\" \/>\n        <\/div>\n    <\/div>\n\n\n    <div class=\"cms-temoignage-card\">\n        <img decoding=\"async\" src=\"https:\/\/www.fxsunfurlers.com\/wp-content\/uploads\/2025\/06\/david-170x170.jpg\" alt=\"\" class=\"illustration\">\n        <div class=\"head\">\n            <p class=\"nom\">David<\/p>\n            <p class=\"role\">Installatore FXsun AXE SAIL<\/p>\n        <\/div>\n        <p class=\"temoignage\">&#8220;Installiamo teli ombreggianti dotati di avvolgitori FXsun. Il vantaggio del sistema \u00e8 la sua facilit\u00e0 d&#8217;uso. Eseguiamo tutto il montaggio nella nostra sede e quando arriviamo dal cliente lo installiamo facilmente. \u00c8 un sistema chiavi in mano. Siamo molto contenti di lavorare con questi avvolgitori perch\u00e9 sono prodotti interamente in Francia&#8221;.<\/p>\n\n                    <a href=\"https:\/\/www.youtube.com\/watch?v=o3DjB4PFYkI&#038;list=PLH1GvKfaY5sZFBoo0BBXtUjYCNLyTkXur&#038;index=6\" class=\"button\" target=\"blank\">\n                <svg class=\"icon\">\n            <use xlink:href=\"#icon-video-round\"><\/use>\n        <\/svg>                Vedi l&#8217;intervista completa            <\/a>            \n            <\/div>\n","protected":false},"excerpt":{"rendered":"","protected":false},"author":8,"featured_media":0,"parent":0,"menu_order":0,"comment_status":"closed","ping_status":"closed","template":"","meta":{"_acf_changed":false,"footnotes":""},"class_list":["post-1525","page","type-page","status-publish","hentry"],"acf":[],"yoast_head":"<!-- This site is optimized with the Yoast SEO plugin v27.5 - https:\/\/yoast.com\/product\/yoast-seo-wordpress\/ -->\n<title>La nostra rete di esperti - FXSun<\/title>\n<meta name=\"robots\" content=\"index, follow, max-snippet:-1, max-image-preview:large, max-video-preview:-1\" \/>\n<link rel=\"canonical\" href=\"https:\/\/www.fxsunfurlers.com\/it\/la-nostra-rete-di-esperti\/\" \/>\n<meta property=\"og:locale\" content=\"it_IT\" \/>\n<meta property=\"og:type\" content=\"article\" \/>\n<meta property=\"og:title\" content=\"La nostra rete di esperti - FXSun\" \/>\n<meta property=\"og:url\" content=\"https:\/\/www.fxsunfurlers.com\/it\/la-nostra-rete-di-esperti\/\" \/>\n<meta property=\"og:site_name\" content=\"FXSun\" \/>\n<meta property=\"article:modified_time\" content=\"2025-08-27T13:41:17+00:00\" \/>\n<meta name=\"twitter:card\" content=\"summary_large_image\" \/>\n<script type=\"application\/ld+json\" class=\"yoast-schema-graph\">{\"@context\":\"https:\\\/\\\/schema.org\",\"@graph\":[{\"@type\":\"WebPage\",\"@id\":\"https:\\\/\\\/www.fxsunfurlers.com\\\/it\\\/la-nostra-rete-di-esperti\\\/\",\"url\":\"https:\\\/\\\/www.fxsunfurlers.com\\\/it\\\/la-nostra-rete-di-esperti\\\/\",\"name\":\"La nostra rete di esperti - FXSun\",\"isPartOf\":{\"@id\":\"https:\\\/\\\/www.fxsunfurlers.com\\\/it\\\/#website\"},\"datePublished\":\"2025-03-06T10:02:48+00:00\",\"dateModified\":\"2025-08-27T13:41:17+00:00\",\"breadcrumb\":{\"@id\":\"https:\\\/\\\/www.fxsunfurlers.com\\\/it\\\/la-nostra-rete-di-esperti\\\/#breadcrumb\"},\"inLanguage\":\"it-IT\",\"potentialAction\":[{\"@type\":\"ReadAction\",\"target\":[\"https:\\\/\\\/www.fxsunfurlers.com\\\/it\\\/la-nostra-rete-di-esperti\\\/\"]}]},{\"@type\":\"BreadcrumbList\",\"@id\":\"https:\\\/\\\/www.fxsunfurlers.com\\\/it\\\/la-nostra-rete-di-esperti\\\/#breadcrumb\",\"itemListElement\":[{\"@type\":\"ListItem\",\"position\":1,\"name\":\"Accueil\",\"item\":\"https:\\\/\\\/www.fxsunfurlers.com\\\/it\\\/\"},{\"@type\":\"ListItem\",\"position\":2,\"name\":\"La nostra rete di esperti\"}]},{\"@type\":\"WebSite\",\"@id\":\"https:\\\/\\\/www.fxsunfurlers.com\\\/it\\\/#website\",\"url\":\"https:\\\/\\\/www.fxsunfurlers.com\\\/it\\\/\",\"name\":\"FXSun\",\"description\":\"Solution marine pour voiles d&#039;ombrage\",\"potentialAction\":[{\"@type\":\"SearchAction\",\"target\":{\"@type\":\"EntryPoint\",\"urlTemplate\":\"https:\\\/\\\/www.fxsunfurlers.com\\\/it\\\/?s={search_term_string}\"},\"query-input\":{\"@type\":\"PropertyValueSpecification\",\"valueRequired\":true,\"valueName\":\"search_term_string\"}}],\"inLanguage\":\"it-IT\"}]}<\/script>\n<!-- \/ Yoast SEO plugin. -->","yoast_head_json":{"title":"La nostra rete di esperti - FXSun","robots":{"index":"index","follow":"follow","max-snippet":"max-snippet:-1","max-image-preview":"max-image-preview:large","max-video-preview":"max-video-preview:-1"},"canonical":"https:\/\/www.fxsunfurlers.com\/it\/la-nostra-rete-di-esperti\/","og_locale":"it_IT","og_type":"article","og_title":"La nostra rete di esperti - FXSun","og_url":"https:\/\/www.fxsunfurlers.com\/it\/la-nostra-rete-di-esperti\/","og_site_name":"FXSun","article_modified_time":"2025-08-27T13:41:17+00:00","twitter_card":"summary_large_image","schema":{"@context":"https:\/\/schema.org","@graph":[{"@type":"WebPage","@id":"https:\/\/www.fxsunfurlers.com\/it\/la-nostra-rete-di-esperti\/","url":"https:\/\/www.fxsunfurlers.com\/it\/la-nostra-rete-di-esperti\/","name":"La nostra rete di esperti - FXSun","isPartOf":{"@id":"https:\/\/www.fxsunfurlers.com\/it\/#website"},"datePublished":"2025-03-06T10:02:48+00:00","dateModified":"2025-08-27T13:41:17+00:00","breadcrumb":{"@id":"https:\/\/www.fxsunfurlers.com\/it\/la-nostra-rete-di-esperti\/#breadcrumb"},"inLanguage":"it-IT","potentialAction":[{"@type":"ReadAction","target":["https:\/\/www.fxsunfurlers.com\/it\/la-nostra-rete-di-esperti\/"]}]},{"@type":"BreadcrumbList","@id":"https:\/\/www.fxsunfurlers.com\/it\/la-nostra-rete-di-esperti\/#breadcrumb","itemListElement":[{"@type":"ListItem","position":1,"name":"Accueil","item":"https:\/\/www.fxsunfurlers.com\/it\/"},{"@type":"ListItem","position":2,"name":"La nostra rete di esperti"}]},{"@type":"WebSite","@id":"https:\/\/www.fxsunfurlers.com\/it\/#website","url":"https:\/\/www.fxsunfurlers.com\/it\/","name":"FXSun","description":"Solution marine pour voiles d&#039;ombrage","potentialAction":[{"@type":"SearchAction","target":{"@type":"EntryPoint","urlTemplate":"https:\/\/www.fxsunfurlers.com\/it\/?s={search_term_string}"},"query-input":{"@type":"PropertyValueSpecification","valueRequired":true,"valueName":"search_term_string"}}],"inLanguage":"it-IT"}]}},"_links":{"self":[{"href":"https:\/\/www.fxsunfurlers.com\/it\/wp-json\/wp\/v2\/pages\/1525","targetHints":{"allow":["GET"]}}],"collection":[{"href":"https:\/\/www.fxsunfurlers.com\/it\/wp-json\/wp\/v2\/pages"}],"about":[{"href":"https:\/\/www.fxsunfurlers.com\/it\/wp-json\/wp\/v2\/types\/page"}],"author":[{"embeddable":true,"href":"https:\/\/www.fxsunfurlers.com\/it\/wp-json\/wp\/v2\/users\/8"}],"replies":[{"embeddable":true,"href":"https:\/\/www.fxsunfurlers.com\/it\/wp-json\/wp\/v2\/comments?post=1525"}],"version-history":[{"count":6,"href":"https:\/\/www.fxsunfurlers.com\/it\/wp-json\/wp\/v2\/pages\/1525\/revisions"}],"predecessor-version":[{"id":1633,"href":"https:\/\/www.fxsunfurlers.com\/it\/wp-json\/wp\/v2\/pages\/1525\/revisions\/1633"}],"wp:attachment":[{"href":"https:\/\/www.fxsunfurlers.com\/it\/wp-json\/wp\/v2\/media?parent=1525"}],"curies":[{"name":"wp","href":"https:\/\/api.w.org\/{rel}","templated":true}]}}