{"id":1477,"date":"2024-10-02T11:11:10","date_gmt":"2024-10-02T09:11:10","guid":{"rendered":"https:\/\/fxsunfurlers.com\/chi-siamo\/"},"modified":"2025-10-13T16:33:07","modified_gmt":"2025-10-13T14:33:07","slug":"chi-siamo","status":"publish","type":"page","link":"https:\/\/www.fxsunfurlers.com\/it\/chi-siamo\/","title":{"rendered":"Chi siamo?"},"content":{"rendered":"\n<p><strong>Facnor \u00e8 il leader mondiale dei sistemi di avvolgimento.<\/strong> Forniamo un gran numero di cantieri e attrezziamo anche barche da regata oceanica, sostenendo la ricerca e lo sviluppo della gamma di prodotti. Il marchio ha sviluppato una rete di 170 rivenditori che lo rappresentano in 40 paesi. <\/p>\n\n\n\n<figure class=\"wp-block-embed is-type-video is-provider-youtube wp-block-embed-youtube wp-embed-aspect-16-9 wp-has-aspect-ratio\"><div class=\"wp-block-embed__wrapper\">\n<iframe loading=\"lazy\" title=\"Facnor_Furling Systems\" width=\"500\" height=\"281\" src=\"https:\/\/www.youtube.com\/embed\/rvySuZnFagw?feature=oembed\" frameborder=\"0\" allow=\"accelerometer; autoplay; clipboard-write; encrypted-media; gyroscope; picture-in-picture; web-share\" referrerpolicy=\"strict-origin-when-cross-origin\" allowfullscreen><\/iframe>\n<\/div><\/figure>\n\n\n\n    <div class=\"cms-text-illustration -left\">\n        <div class=\"left\">\n            <h2>Un&#8217;azienda innovativa<\/h2>\n<p>&#8220;L&#8217;innovazione \u00e8 la nostra priorit\u00e0. Con un team di ingegneri qualificati in metalli e compositi, Facnor \u00e8 diventata leader nel settore dei sistemi di avvolgimento per barche a vela grazie a una politica basata sulla ricerca e sullo sviluppo continuo. Lo stretto rapporto con i nostri clienti ci permette di rispondere alle loro esigenze nel modo pi\u00f9 efficace possibile. Ci affidiamo al feedback dei velisti e degli skipper che utilizzano i nostri prodotti ogni giorno per migliorare costantemente le nostre gamme. Ascoltiamo anche gli utenti di FXsun per i teli ombreggianti.    <\/p>\n\n                    <\/div>\n        <div class=\"right\">\n            <img decoding=\"async\" src=\"https:\/\/www.fxsunfurlers.com\/wp-content\/uploads\/2025\/03\/EXPERTISE_FACNOR8INNOVATION-600x396.jpg\" alt=\"\" class=\"illustration\" \/>\n        <\/div>\n    <\/div>\n\n\n\n    <div class=\"cms-text-illustration -right\">\n        <div class=\"left\">\n            <h2>Prodotti di qualit\u00e0<\/h2>\n<p>La qualit\u00e0 della progettazione e della realizzazione dei nostri prodotti, il dinamismo del nostro team e la professionalit\u00e0 della nostra rete di rivenditori ci hanno permesso di diventare uno dei principali produttori di accessori per attrezzature. Le nostre soluzioni sono semplici e logiche e combinano velocit\u00e0 di montaggio e facilit\u00e0 d&#8217;uso. <\/p>\n\n                    <\/div>\n        <div class=\"right\">\n            <img decoding=\"async\" src=\"https:\/\/www.fxsunfurlers.com\/wp-content\/uploads\/2025\/03\/zoom_produit_facnor-3-600x600.jpg\" alt=\"\" class=\"illustration\" \/>\n        <\/div>\n    <\/div>\n\n\n\n    <div class=\"cms-text-illustration -left\">\n        <div class=\"left\">\n            <h2>Prestazioni e affidabilit\u00e0<\/h2>\n<p>Grazie alla sua esperienza nelle regate oceaniche, Facnor ha avuto successo in molte gare e circuiti. \u00c8 un prestigio acquisito con le miglia e le vittorie, e un gusto per le sfide. Come gli skipper e i project manager, siamo esigenti e non risparmiamo sforzi per trovare le soluzioni giuste.  <\/p>\n\n                    <\/div>\n        <div class=\"right\">\n            <img decoding=\"async\" src=\"https:\/\/www.fxsunfurlers.com\/wp-content\/uploads\/2025\/03\/performance_fiabilite_facnor_expertise-600x600.jpg\" alt=\"\" class=\"illustration\" \/>\n        <\/div>\n    <\/div>\n\n\n    <div class=\"cms-text-button -white\">\n        <h2 class=\"titre\">Servizio clienti<\/h2>\n\n                    <picture class=\"picture\">\n                <source srcset=\"https:\/\/www.fxsunfurlers.com\/wp-content\/uploads\/2025\/06\/carte_fxsun.png\" media=\"(min-width: 600px)\" \/>\n                <source srcset=\"https:\/\/www.fxsunfurlers.com\/wp-content\/uploads\/2025\/06\/carte_fxsun-400x491.png\" \/>\n                <img decoding=\"async\" loading=\"lazy\" src=\"https:\/\/www.fxsunfurlers.com\/wp-content\/uploads\/2025\/06\/carte_fxsun-400x491.png\" alt=\"\" class=\"image\" \/>\n            <\/picture>\n        \n                    <div class=\"texte\"><ul>\n<li>Una rete di vendita internazionale che offre un servizio post-vendita rapido ed efficiente in 40 paesi.<\/li>\n<li>Un team pronto a darti la migliore consulenza possibile.<\/li>\n<li>Una vasta rete di professionisti autorizzati<\/li>\n<\/ul>\n<\/div>\n        \n                    <a href=\"https:\/\/fxsunfurlers.com\/it\/la-nostra-rete-di-esperti\/\" class=\"button -white\" target=\"\">\n                Contatta un installatore professionista            <\/a>\n            <\/div>\n\n\n    <div class=\"cms-text-button -white\">\n        <h2 class=\"titre\">Il Gruppo Wichard<\/h2>\n\n                    <picture class=\"picture\">\n                <source srcset=\"https:\/\/www.fxsunfurlers.com\/wp-content\/uploads\/2025\/06\/WICHARD-1440x810.jpg\" media=\"(min-width: 600px)\" \/>\n                <source srcset=\"https:\/\/www.fxsunfurlers.com\/wp-content\/uploads\/2025\/06\/WICHARD-400x500.jpg\" \/>\n                <img decoding=\"async\" loading=\"lazy\" src=\"https:\/\/www.fxsunfurlers.com\/wp-content\/uploads\/2025\/06\/WICHARD-400x500.jpg\" alt=\"\" class=\"image\" \/>\n            <\/picture>\n        \n                    <div class=\"texte\"><ul>\n<li>10 marchi: Wichard, Profurl, Facnor, Peguet, Sparcraft, Lorima, Maillard, Courant, Ronstan e Axxon<\/li>\n<li>650 dipendenti<\/li>\n<li>Migliaia di articoli disponibili per alberi (in alluminio e carbonio), accessori, sartiame, sistemi di avvolgimento e cime.<\/li>\n<\/ul>\n<\/div>\n        \n                    <a href=\"https:\/\/www.wichardgroup.com\/en\/#wichard-group\" class=\"button -white\" target=\"_blank\">\n                Scopri il gruppo            <\/a>\n            <\/div>\n","protected":false},"excerpt":{"rendered":"<p>Facnor \u00e8 il leader mondiale dei sistemi di avvolgimento. Forniamo un gran numero di cantieri e attrezziamo anche barche da regata oceanica, sostenendo la ricerca e lo sviluppo della gamma di prodotti. Il marchio ha sviluppato una rete di 170 rivenditori che lo rappresentano in 40 paesi.<\/p>\n","protected":false},"author":8,"featured_media":0,"parent":0,"menu_order":0,"comment_status":"closed","ping_status":"closed","template":"","meta":{"_acf_changed":false,"footnotes":""},"class_list":["post-1477","page","type-page","status-publish","hentry"],"acf":[],"yoast_head":"<!-- This site is optimized with the Yoast SEO plugin v27.5 - https:\/\/yoast.com\/product\/yoast-seo-wordpress\/ -->\n<title>Chi siamo? - FXSun<\/title>\n<meta name=\"robots\" content=\"index, follow, max-snippet:-1, max-image-preview:large, max-video-preview:-1\" \/>\n<link rel=\"canonical\" href=\"https:\/\/www.fxsunfurlers.com\/it\/chi-siamo\/\" \/>\n<meta property=\"og:locale\" content=\"it_IT\" \/>\n<meta property=\"og:type\" content=\"article\" \/>\n<meta property=\"og:title\" content=\"Chi siamo? - FXSun\" \/>\n<meta property=\"og:description\" content=\"Facnor \u00e8 il leader mondiale dei sistemi di avvolgimento. Forniamo un gran numero di cantieri e attrezziamo anche barche da regata oceanica, sostenendo la ricerca e lo sviluppo della gamma di prodotti. Il marchio ha sviluppato una rete di 170 rivenditori che lo rappresentano in 40 paesi.\" \/>\n<meta property=\"og:url\" content=\"https:\/\/www.fxsunfurlers.com\/it\/chi-siamo\/\" \/>\n<meta property=\"og:site_name\" content=\"FXSun\" \/>\n<meta property=\"article:modified_time\" content=\"2025-10-13T14:33:07+00:00\" \/>\n<meta name=\"twitter:card\" content=\"summary_large_image\" \/>\n<meta name=\"twitter:label1\" content=\"Est. reading time\" \/>\n\t<meta name=\"twitter:data1\" content=\"1 minute\" \/>\n<script type=\"application\/ld+json\" class=\"yoast-schema-graph\">{\"@context\":\"https:\\\/\\\/schema.org\",\"@graph\":[{\"@type\":\"WebPage\",\"@id\":\"https:\\\/\\\/www.fxsunfurlers.com\\\/it\\\/chi-siamo\\\/\",\"url\":\"https:\\\/\\\/www.fxsunfurlers.com\\\/it\\\/chi-siamo\\\/\",\"name\":\"Chi siamo? - FXSun\",\"isPartOf\":{\"@id\":\"https:\\\/\\\/www.fxsunfurlers.com\\\/it\\\/#website\"},\"datePublished\":\"2024-10-02T09:11:10+00:00\",\"dateModified\":\"2025-10-13T14:33:07+00:00\",\"breadcrumb\":{\"@id\":\"https:\\\/\\\/www.fxsunfurlers.com\\\/it\\\/chi-siamo\\\/#breadcrumb\"},\"inLanguage\":\"it-IT\",\"potentialAction\":[{\"@type\":\"ReadAction\",\"target\":[\"https:\\\/\\\/www.fxsunfurlers.com\\\/it\\\/chi-siamo\\\/\"]}]},{\"@type\":\"BreadcrumbList\",\"@id\":\"https:\\\/\\\/www.fxsunfurlers.com\\\/it\\\/chi-siamo\\\/#breadcrumb\",\"itemListElement\":[{\"@type\":\"ListItem\",\"position\":1,\"name\":\"Accueil\",\"item\":\"https:\\\/\\\/www.fxsunfurlers.com\\\/it\\\/\"},{\"@type\":\"ListItem\",\"position\":2,\"name\":\"Chi siamo?\"}]},{\"@type\":\"WebSite\",\"@id\":\"https:\\\/\\\/www.fxsunfurlers.com\\\/it\\\/#website\",\"url\":\"https:\\\/\\\/www.fxsunfurlers.com\\\/it\\\/\",\"name\":\"FXSun\",\"description\":\"Solution marine pour voiles d&#039;ombrage\",\"potentialAction\":[{\"@type\":\"SearchAction\",\"target\":{\"@type\":\"EntryPoint\",\"urlTemplate\":\"https:\\\/\\\/www.fxsunfurlers.com\\\/it\\\/?s={search_term_string}\"},\"query-input\":{\"@type\":\"PropertyValueSpecification\",\"valueRequired\":true,\"valueName\":\"search_term_string\"}}],\"inLanguage\":\"it-IT\"}]}<\/script>\n<!-- \/ Yoast SEO plugin. -->","yoast_head_json":{"title":"Chi siamo? - FXSun","robots":{"index":"index","follow":"follow","max-snippet":"max-snippet:-1","max-image-preview":"max-image-preview:large","max-video-preview":"max-video-preview:-1"},"canonical":"https:\/\/www.fxsunfurlers.com\/it\/chi-siamo\/","og_locale":"it_IT","og_type":"article","og_title":"Chi siamo? - FXSun","og_description":"Facnor \u00e8 il leader mondiale dei sistemi di avvolgimento. Forniamo un gran numero di cantieri e attrezziamo anche barche da regata oceanica, sostenendo la ricerca e lo sviluppo della gamma di prodotti. Il marchio ha sviluppato una rete di 170 rivenditori che lo rappresentano in 40 paesi.","og_url":"https:\/\/www.fxsunfurlers.com\/it\/chi-siamo\/","og_site_name":"FXSun","article_modified_time":"2025-10-13T14:33:07+00:00","twitter_card":"summary_large_image","twitter_misc":{"Est. reading time":"1 minute"},"schema":{"@context":"https:\/\/schema.org","@graph":[{"@type":"WebPage","@id":"https:\/\/www.fxsunfurlers.com\/it\/chi-siamo\/","url":"https:\/\/www.fxsunfurlers.com\/it\/chi-siamo\/","name":"Chi siamo? - FXSun","isPartOf":{"@id":"https:\/\/www.fxsunfurlers.com\/it\/#website"},"datePublished":"2024-10-02T09:11:10+00:00","dateModified":"2025-10-13T14:33:07+00:00","breadcrumb":{"@id":"https:\/\/www.fxsunfurlers.com\/it\/chi-siamo\/#breadcrumb"},"inLanguage":"it-IT","potentialAction":[{"@type":"ReadAction","target":["https:\/\/www.fxsunfurlers.com\/it\/chi-siamo\/"]}]},{"@type":"BreadcrumbList","@id":"https:\/\/www.fxsunfurlers.com\/it\/chi-siamo\/#breadcrumb","itemListElement":[{"@type":"ListItem","position":1,"name":"Accueil","item":"https:\/\/www.fxsunfurlers.com\/it\/"},{"@type":"ListItem","position":2,"name":"Chi siamo?"}]},{"@type":"WebSite","@id":"https:\/\/www.fxsunfurlers.com\/it\/#website","url":"https:\/\/www.fxsunfurlers.com\/it\/","name":"FXSun","description":"Solution marine pour voiles d&#039;ombrage","potentialAction":[{"@type":"SearchAction","target":{"@type":"EntryPoint","urlTemplate":"https:\/\/www.fxsunfurlers.com\/it\/?s={search_term_string}"},"query-input":{"@type":"PropertyValueSpecification","valueRequired":true,"valueName":"search_term_string"}}],"inLanguage":"it-IT"}]}},"_links":{"self":[{"href":"https:\/\/www.fxsunfurlers.com\/it\/wp-json\/wp\/v2\/pages\/1477","targetHints":{"allow":["GET"]}}],"collection":[{"href":"https:\/\/www.fxsunfurlers.com\/it\/wp-json\/wp\/v2\/pages"}],"about":[{"href":"https:\/\/www.fxsunfurlers.com\/it\/wp-json\/wp\/v2\/types\/page"}],"author":[{"embeddable":true,"href":"https:\/\/www.fxsunfurlers.com\/it\/wp-json\/wp\/v2\/users\/8"}],"replies":[{"embeddable":true,"href":"https:\/\/www.fxsunfurlers.com\/it\/wp-json\/wp\/v2\/comments?post=1477"}],"version-history":[{"count":8,"href":"https:\/\/www.fxsunfurlers.com\/it\/wp-json\/wp\/v2\/pages\/1477\/revisions"}],"predecessor-version":[{"id":1769,"href":"https:\/\/www.fxsunfurlers.com\/it\/wp-json\/wp\/v2\/pages\/1477\/revisions\/1769"}],"wp:attachment":[{"href":"https:\/\/www.fxsunfurlers.com\/it\/wp-json\/wp\/v2\/media?parent=1477"}],"curies":[{"name":"wp","href":"https:\/\/api.w.org\/{rel}","templated":true}]}}