{"id":1443,"date":"2025-03-06T11:07:45","date_gmt":"2025-03-06T10:07:45","guid":{"rendered":"https:\/\/fxsunfurlers.com\/?page_id=1443"},"modified":"2025-07-29T16:13:56","modified_gmt":"2025-07-29T14:13:56","slug":"consejos","status":"publish","type":"page","link":"https:\/\/www.fxsunfurlers.com\/es\/consejos\/","title":{"rendered":"Nuestros consejos"},"content":{"rendered":"\n<h2 class=\"wp-block-heading has-text-align-center\">Consejos de FACNOR<\/h2>\n\n\n\n<div class=\"wp-block-columns is-layout-flex wp-container-core-columns-is-layout-9d6595d7 wp-block-columns-is-layout-flex\">\n<div class=\"wp-block-column is-layout-flow wp-block-column-is-layout-flow\">\n    <div class=\"cms-accordeons\">\n                    <details class=\"cms-accordeon\">\n                <summary class=\"head\">\n                    Un bloqueo para escota                                            <span class=\"cms-accordeon__arrow\"><svg class=\"icon\">\n            <use xlink:href=\"#icon-short-arrow\"><\/use>\n        <\/svg><\/span>\n                                    <\/summary>\n                <div class=\"body flex flex-col gap-3\">\n                    <div>\n                        &#8221; Se puede instalar un bloqueo Wichard en el extremo de la escota para evitar que se mueva hacia arriba si se manipula incorrectamente.                    <\/div>\n\n                                            <img decoding=\"async\" loading=\"lazy\" src=\"https:\/\/www.fxsunfurlers.com\/wp-content\/uploads\/2025\/06\/FXSUN_CADENE_ACCESSOIRE.jpg\" alt=\"\" class=\"max-w-[200px] w-full\" \/>\n                                    <\/div>\n            <\/details>\n                    <details class=\"cms-accordeon\">\n                <summary class=\"head\">\n                    La cornamusa                                            <span class=\"cms-accordeon__arrow\"><svg class=\"icon\">\n            <use xlink:href=\"#icon-short-arrow\"><\/use>\n        <\/svg><\/span>\n                                    <\/summary>\n                <div class=\"body flex flex-col gap-3\">\n                    <div>\n                        Facnor ha desarrollado una cornamusa \u00fanica para optimizar y asegurar el tensado de la escota de la vela. La escota se vuelve a\u00fan m\u00e1s f\u00e1cil de usar.                    <\/div>\n\n                                            <img decoding=\"async\" loading=\"lazy\" src=\"https:\/\/www.fxsunfurlers.com\/wp-content\/uploads\/2025\/06\/Taquetwinch.jpg\" alt=\"\" class=\"max-w-[200px] w-full\" \/>\n                                    <\/div>\n            <\/details>\n            <\/div>\n    \n<\/div>\n\n\n\n<div class=\"wp-block-column is-layout-flow wp-block-column-is-layout-flow\">\n    <div class=\"cms-accordeons\">\n                    <details class=\"cms-accordeon\">\n                <summary class=\"head\">\n                    Mantenimiento de tu almacenador FXsun                                            <span class=\"cms-accordeon__arrow\"><svg class=\"icon\">\n            <use xlink:href=\"#icon-short-arrow\"><\/use>\n        <\/svg><\/span>\n                                    <\/summary>\n                <div class=\"body flex flex-col gap-3\">\n                    <div>\n                        Los almacenadores FXsun no necesitan mantenimiento porque los mecanismos est\u00e1n sellados. Sin embargo, si vives cerca del mar, puedes enjuagar de vez en cuando la poleada dentada, el giratorio y los guardacabos en agua limpia.                    <\/div>\n\n                                    <\/div>\n            <\/details>\n                    <details class=\"cms-accordeon\">\n                <summary class=\"head\">\n                    \u00bfC\u00f3mo proteges la vela enrollable y el sistema FXsun en invierno?                                              <span class=\"cms-accordeon__arrow\"><svg class=\"icon\">\n            <use xlink:href=\"#icon-short-arrow\"><\/use>\n        <\/svg><\/span>\n                                    <\/summary>\n                <div class=\"body flex flex-col gap-3\">\n                    <div>\n                        En invierno, te recomendamos que guardes tu vela de sombra y su sistema o que los protejas con una funda a medida para mantenerlo todo seguro.                    <\/div>\n\n                                            <img decoding=\"async\" loading=\"lazy\" src=\"https:\/\/www.fxsunfurlers.com\/wp-content\/uploads\/2025\/06\/voile_housse_02.jpeg\" alt=\"\" class=\"max-w-[200px] w-full\" \/>\n                                    <\/div>\n            <\/details>\n            <\/div>\n    \n<\/div>\n<\/div>\n\n\n\n<p><\/p>\n\n\n\n<h2 class=\"wp-block-heading has-text-align-center\">V\u00eddeos<\/h2>\n\n\n\n<div class=\"wp-block-columns is-layout-flex wp-container-core-columns-is-layout-9d6595d7 wp-block-columns-is-layout-flex\">\n<div class=\"wp-block-column is-layout-flow wp-block-column-is-layout-flow\">\n<figure class=\"wp-block-embed is-type-video is-provider-youtube wp-block-embed-youtube wp-embed-aspect-16-9 wp-has-aspect-ratio\"><div class=\"wp-block-embed__wrapper\">\n<iframe loading=\"lazy\" title=\"FXSun : D\u00e9rouler une voile d&#039;ombrage avec un emmagasineur \/ UNfuurl a shade sail with a FXSun Furler\" width=\"500\" height=\"281\" src=\"https:\/\/www.youtube.com\/embed\/QoAudDl3Si0?list=PLH1GvKfaY5sZFBoo0BBXtUjYCNLyTkXur\" frameborder=\"0\" allow=\"accelerometer; autoplay; clipboard-write; encrypted-media; gyroscope; picture-in-picture; web-share\" referrerpolicy=\"strict-origin-when-cross-origin\" allowfullscreen><\/iframe>\n<\/div><\/figure>\n<\/div>\n\n\n\n<div class=\"wp-block-column is-layout-flow wp-block-column-is-layout-flow\">\n<figure class=\"wp-block-embed is-type-video is-provider-youtube wp-block-embed-youtube wp-embed-aspect-16-9 wp-has-aspect-ratio\"><div class=\"wp-block-embed__wrapper\">\n<iframe loading=\"lazy\" title=\"Facnor T-Winch for shade sails - TWinch pour voiles d&#039;ombrage\" width=\"500\" height=\"281\" src=\"https:\/\/www.youtube.com\/embed\/-sdNTuefns4?list=PLH1GvKfaY5sZFBoo0BBXtUjYCNLyTkXur\" frameborder=\"0\" allow=\"accelerometer; autoplay; clipboard-write; encrypted-media; gyroscope; picture-in-picture; web-share\" referrerpolicy=\"strict-origin-when-cross-origin\" allowfullscreen><\/iframe>\n<\/div><\/figure>\n<\/div>\n<\/div>\n\n\n    <a href=\"https:\/\/www.youtube.com\/playlist?list=PLH1GvKfaY5sZFBoo0BBXtUjYCNLyTkXur\" class=\"cms-button\" target=\"\">\n        Todos nuestros v\u00eddeos YOUTUBE    <\/a>\n\n\n\n<p><\/p>\n\n\n\n<h2 class=\"wp-block-heading has-text-align-center\">Opiniones de los clientes<\/h2>\n\n\n\n<div class=\"wp-block-columns is-layout-flex wp-container-core-columns-is-layout-9d6595d7 wp-block-columns-is-layout-flex\">\n<div class=\"wp-block-column is-layout-flow wp-block-column-is-layout-flow\">    <div class=\"cms-temoignage-card\">\n        <img decoding=\"async\" src=\"https:\/\/www.fxsunfurlers.com\/wp-content\/uploads\/2025\/03\/Julie-170x170.jpeg\" alt=\"\" class=\"illustration\">\n        <div class=\"head\">\n            <p class=\"nom\">Julie<\/p>\n            <p class=\"role\">Propietario y usuario del sistema FXsun (regi\u00f3n de Nantes, Francia)<\/p>\n        <\/div>\n        <p class=\"temoignage\">&#8220;Las velas de sombra rompen las l\u00edneas rectas de la casa, le dan un aspecto moderno y nos recuerdan el ambiente marinero de Nantes (donde vivimos). (&#8230;) El hecho de que se pueda enrollar, para resguardarse del sol por la tarde o en cualquier momento del d\u00eda, es muy pr\u00e1ctico&#8221;.<\/p>\n\n                    <a href=\"https:\/\/youtu.be\/tahSEjPbCjY?si=WOKHzbx0Z0S0FyQZ\" class=\"button\" target=\"blank\">\n                <svg class=\"icon\">\n            <use xlink:href=\"#icon-video-round\"><\/use>\n        <\/svg>                Ver la entrevista completa            <\/a>            \n            <\/div>\n<\/div>\n\n\n\n<div class=\"wp-block-column is-layout-flow wp-block-column-is-layout-flow\">    <div class=\"cms-temoignage-card\">\n        <img decoding=\"async\" src=\"https:\/\/www.fxsunfurlers.com\/wp-content\/uploads\/2024\/10\/Yoshie-170x170.jpeg\" alt=\"\" class=\"illustration\">\n        <div class=\"head\">\n            <p class=\"nom\">Yoshie Misaki<\/p>\n            <p class=\"role\">Empresa dise\u00f1adora FUJITA SHOKAI<\/p>\n        <\/div>\n        <p class=\"temoignage\">&#8220;He instalado m\u00e1s de 30 velas de sombra FX Sun (&#8230;) Los sistemas al enrollado FXSun de Facnor me parecen muy seguros y pr\u00e1cticos porque es f\u00e1cil enrollar la vela de sombra y volver a desenrollarla en funci\u00f3n de los cambios meteorol\u00f3gicos, que pueden ser importantes en Jap\u00f3n. Recomiendo FXSun porque tienen un dise\u00f1o sencillo y son f\u00e1ciles de manejar&#8230;&#8221;<\/p>\n\n                    <a href=\"https:\/\/youtu.be\/FXqmBbj2AhE?si=9rjD1q4DyrjcHB_n\" class=\"button\" target=\"blank\">\n                <svg class=\"icon\">\n            <use xlink:href=\"#icon-video-round\"><\/use>\n        <\/svg>                Ver la entrevista completa            <\/a>            \n            <\/div>\n<\/div>\n\n\n\n<div class=\"wp-block-column is-layout-flow wp-block-column-is-layout-flow\">    <div class=\"cms-temoignage-card\">\n        <img decoding=\"async\" src=\"https:\/\/www.fxsunfurlers.com\/wp-content\/uploads\/2025\/06\/david-170x170.jpg\" alt=\"\" class=\"illustration\">\n        <div class=\"head\">\n            <p class=\"nom\">David<\/p>\n            <p class=\"role\">Instalador FXsun AXE SAIL<\/p>\n        <\/div>\n        <p class=\"temoignage\">&#8220;Instalamos velas de sombra equipadas con almacenadores FXsun. La ventaja del sistema es su facilidad de uso. Hacemos todo el montaje en el taller y cuando llegamos a casa del cliente, lo instalamos f\u00e1cilmente. Es llave en mano. Estamos muy contentos de trabajar con estos almacenadores porque se fabrican en Francia, localmente.&#8221;<\/p>\n\n                    <a href=\"https:\/\/www.youtube.com\/watch?v=o3DjB4PFYkI&#038;list=PLH1GvKfaY5sZFBoo0BBXtUjYCNLyTkXur&#038;index=6\" class=\"button\" target=\"blank\">\n                <svg class=\"icon\">\n            <use xlink:href=\"#icon-video-round\"><\/use>\n        <\/svg>                Ver la entrevista completa            <\/a>            \n            <\/div>\n<\/div>\n<\/div>\n\n\n\n<p><\/p>\n","protected":false},"excerpt":{"rendered":"<p>Consejos de FACNOR V\u00eddeos Opiniones de los clientes<\/p>\n","protected":false},"author":8,"featured_media":0,"parent":0,"menu_order":0,"comment_status":"closed","ping_status":"closed","template":"","meta":{"_acf_changed":false,"footnotes":""},"class_list":["post-1443","page","type-page","status-publish","hentry"],"acf":[],"yoast_head":"<!-- This site is optimized with the Yoast SEO plugin v27.5 - https:\/\/yoast.com\/product\/yoast-seo-wordpress\/ -->\n<title>Nuestros consejos - FXSun<\/title>\n<meta name=\"robots\" content=\"index, follow, max-snippet:-1, max-image-preview:large, max-video-preview:-1\" \/>\n<link rel=\"canonical\" href=\"https:\/\/www.fxsunfurlers.com\/es\/consejos\/\" \/>\n<meta property=\"og:locale\" content=\"es_ES\" \/>\n<meta property=\"og:type\" content=\"article\" \/>\n<meta property=\"og:title\" content=\"Nuestros consejos - FXSun\" \/>\n<meta property=\"og:description\" content=\"Consejos de FACNOR V\u00eddeos Opiniones de los clientes\" \/>\n<meta property=\"og:url\" content=\"https:\/\/www.fxsunfurlers.com\/es\/consejos\/\" \/>\n<meta property=\"og:site_name\" content=\"FXSun\" \/>\n<meta property=\"article:modified_time\" content=\"2025-07-29T14:13:56+00:00\" \/>\n<meta name=\"twitter:card\" content=\"summary_large_image\" \/>\n<meta name=\"twitter:label1\" content=\"Est. reading time\" \/>\n\t<meta name=\"twitter:data1\" content=\"1 minute\" \/>\n<script type=\"application\/ld+json\" class=\"yoast-schema-graph\">{\"@context\":\"https:\\\/\\\/schema.org\",\"@graph\":[{\"@type\":\"WebPage\",\"@id\":\"https:\\\/\\\/www.fxsunfurlers.com\\\/es\\\/consejos\\\/\",\"url\":\"https:\\\/\\\/www.fxsunfurlers.com\\\/es\\\/consejos\\\/\",\"name\":\"Nuestros consejos - FXSun\",\"isPartOf\":{\"@id\":\"https:\\\/\\\/www.fxsunfurlers.com\\\/es\\\/#website\"},\"datePublished\":\"2025-03-06T10:07:45+00:00\",\"dateModified\":\"2025-07-29T14:13:56+00:00\",\"breadcrumb\":{\"@id\":\"https:\\\/\\\/www.fxsunfurlers.com\\\/es\\\/consejos\\\/#breadcrumb\"},\"inLanguage\":\"es-ES\",\"potentialAction\":[{\"@type\":\"ReadAction\",\"target\":[\"https:\\\/\\\/www.fxsunfurlers.com\\\/es\\\/consejos\\\/\"]}]},{\"@type\":\"BreadcrumbList\",\"@id\":\"https:\\\/\\\/www.fxsunfurlers.com\\\/es\\\/consejos\\\/#breadcrumb\",\"itemListElement\":[{\"@type\":\"ListItem\",\"position\":1,\"name\":\"Accueil\",\"item\":\"https:\\\/\\\/www.fxsunfurlers.com\\\/es\\\/\"},{\"@type\":\"ListItem\",\"position\":2,\"name\":\"Nuestros consejos\"}]},{\"@type\":\"WebSite\",\"@id\":\"https:\\\/\\\/www.fxsunfurlers.com\\\/es\\\/#website\",\"url\":\"https:\\\/\\\/www.fxsunfurlers.com\\\/es\\\/\",\"name\":\"FXSun\",\"description\":\"Solution marine pour voiles d&#039;ombrage\",\"potentialAction\":[{\"@type\":\"SearchAction\",\"target\":{\"@type\":\"EntryPoint\",\"urlTemplate\":\"https:\\\/\\\/www.fxsunfurlers.com\\\/es\\\/?s={search_term_string}\"},\"query-input\":{\"@type\":\"PropertyValueSpecification\",\"valueRequired\":true,\"valueName\":\"search_term_string\"}}],\"inLanguage\":\"es-ES\"}]}<\/script>\n<!-- \/ Yoast SEO plugin. -->","yoast_head_json":{"title":"Nuestros consejos - FXSun","robots":{"index":"index","follow":"follow","max-snippet":"max-snippet:-1","max-image-preview":"max-image-preview:large","max-video-preview":"max-video-preview:-1"},"canonical":"https:\/\/www.fxsunfurlers.com\/es\/consejos\/","og_locale":"es_ES","og_type":"article","og_title":"Nuestros consejos - FXSun","og_description":"Consejos de FACNOR V\u00eddeos Opiniones de los clientes","og_url":"https:\/\/www.fxsunfurlers.com\/es\/consejos\/","og_site_name":"FXSun","article_modified_time":"2025-07-29T14:13:56+00:00","twitter_card":"summary_large_image","twitter_misc":{"Est. reading time":"1 minute"},"schema":{"@context":"https:\/\/schema.org","@graph":[{"@type":"WebPage","@id":"https:\/\/www.fxsunfurlers.com\/es\/consejos\/","url":"https:\/\/www.fxsunfurlers.com\/es\/consejos\/","name":"Nuestros consejos - FXSun","isPartOf":{"@id":"https:\/\/www.fxsunfurlers.com\/es\/#website"},"datePublished":"2025-03-06T10:07:45+00:00","dateModified":"2025-07-29T14:13:56+00:00","breadcrumb":{"@id":"https:\/\/www.fxsunfurlers.com\/es\/consejos\/#breadcrumb"},"inLanguage":"es-ES","potentialAction":[{"@type":"ReadAction","target":["https:\/\/www.fxsunfurlers.com\/es\/consejos\/"]}]},{"@type":"BreadcrumbList","@id":"https:\/\/www.fxsunfurlers.com\/es\/consejos\/#breadcrumb","itemListElement":[{"@type":"ListItem","position":1,"name":"Accueil","item":"https:\/\/www.fxsunfurlers.com\/es\/"},{"@type":"ListItem","position":2,"name":"Nuestros consejos"}]},{"@type":"WebSite","@id":"https:\/\/www.fxsunfurlers.com\/es\/#website","url":"https:\/\/www.fxsunfurlers.com\/es\/","name":"FXSun","description":"Solution marine pour voiles d&#039;ombrage","potentialAction":[{"@type":"SearchAction","target":{"@type":"EntryPoint","urlTemplate":"https:\/\/www.fxsunfurlers.com\/es\/?s={search_term_string}"},"query-input":{"@type":"PropertyValueSpecification","valueRequired":true,"valueName":"search_term_string"}}],"inLanguage":"es-ES"}]}},"_links":{"self":[{"href":"https:\/\/www.fxsunfurlers.com\/es\/wp-json\/wp\/v2\/pages\/1443","targetHints":{"allow":["GET"]}}],"collection":[{"href":"https:\/\/www.fxsunfurlers.com\/es\/wp-json\/wp\/v2\/pages"}],"about":[{"href":"https:\/\/www.fxsunfurlers.com\/es\/wp-json\/wp\/v2\/types\/page"}],"author":[{"embeddable":true,"href":"https:\/\/www.fxsunfurlers.com\/es\/wp-json\/wp\/v2\/users\/8"}],"replies":[{"embeddable":true,"href":"https:\/\/www.fxsunfurlers.com\/es\/wp-json\/wp\/v2\/comments?post=1443"}],"version-history":[{"count":4,"href":"https:\/\/www.fxsunfurlers.com\/es\/wp-json\/wp\/v2\/pages\/1443\/revisions"}],"predecessor-version":[{"id":1447,"href":"https:\/\/www.fxsunfurlers.com\/es\/wp-json\/wp\/v2\/pages\/1443\/revisions\/1447"}],"wp:attachment":[{"href":"https:\/\/www.fxsunfurlers.com\/es\/wp-json\/wp\/v2\/media?parent=1443"}],"curies":[{"name":"wp","href":"https:\/\/api.w.org\/{rel}","templated":true}]}}