{"id":1423,"date":"2024-10-07T17:33:52","date_gmt":"2024-10-07T15:33:52","guid":{"rendered":"https:\/\/fxsunfurlers.com\/preguntas-frecuentes\/"},"modified":"2025-10-13T16:51:10","modified_gmt":"2025-10-13T14:51:10","slug":"preguntas-frecuentes","status":"publish","type":"page","link":"https:\/\/www.fxsunfurlers.com\/es\/preguntas-frecuentes\/","title":{"rendered":"Preguntas frecuentes"},"content":{"rendered":"\n<h2 class=\"wp-block-heading\">Particulares<\/h2>\n\n\n\n    <div class=\"cms-accordeons\">\n                    <details class=\"cms-accordeon\">\n                <summary class=\"head\">\n                    \u00bfPor qu\u00e9 elegir una vela enrollable con el sistema FXsun?                                              <span class=\"cms-accordeon__arrow\"><svg class=\"icon\">\n            <use xlink:href=\"#icon-short-arrow\"><\/use>\n        <\/svg><\/span>\n                                    <\/summary>\n                <div class=\"body flex flex-col gap-3\">\n                    <div>\n                        El sistema FXsun te permite enrollar y desenrollar tu vela de sombra en un instante, seg\u00fan tus necesidades.                    <\/div>\n\n                                    <\/div>\n            <\/details>\n                    <details class=\"cms-accordeon\">\n                <summary class=\"head\">\n                    \u00bfPuedo instalar yo mismo el sistema FXsun?                                            <span class=\"cms-accordeon__arrow\"><svg class=\"icon\">\n            <use xlink:href=\"#icon-short-arrow\"><\/use>\n        <\/svg><\/span>\n                                    <\/summary>\n                <div class=\"body flex flex-col gap-3\">\n                    <div>\n                        El sistema FXsun debe ser instalado por profesionales certificados, que te asesorar\u00e1n en tu proyecto y te prestar\u00e1n servicio posventa.                    <\/div>\n\n                                    <\/div>\n            <\/details>\n                    <details class=\"cms-accordeon\">\n                <summary class=\"head\">\n                    \u00bfD\u00f3nde puedo encontrar un instalador de FXsun?                                            <span class=\"cms-accordeon__arrow\"><svg class=\"icon\">\n            <use xlink:href=\"#icon-short-arrow\"><\/use>\n        <\/svg><\/span>\n                                    <\/summary>\n                <div class=\"body flex flex-col gap-3\">\n                    <div>\n                        <a href=\"https:\/\/fxsunfurlers.com\/es\/contacta-con-nosotros-2\/\" target=\"_blank\">Contacta con el profesional m\u00e1s cercano<\/a>                    <\/div>\n\n                                    <\/div>\n            <\/details>\n                    <details class=\"cms-accordeon\">\n                <summary class=\"head\">\n                    \u00bfEst\u00e1n garantizados los sistemas al enrollado FXsun para velas de sombra?                                             <span class=\"cms-accordeon__arrow\"><svg class=\"icon\">\n            <use xlink:href=\"#icon-short-arrow\"><\/use>\n        <\/svg><\/span>\n                                    <\/summary>\n                <div class=\"body flex flex-col gap-3\">\n                    <div>\n                        Los mecanismos FXsun tienen 5 a\u00f1os de garant\u00eda. El servicio posventa lo prestan nuestros instaladores certificados.                      <\/div>\n\n                                    <\/div>\n            <\/details>\n                    <details class=\"cms-accordeon\">\n                <summary class=\"head\">\n                    \u00bfQu\u00e9 es una escota en una vela enrollable?                                             <span class=\"cms-accordeon__arrow\"><svg class=\"icon\">\n            <use xlink:href=\"#icon-short-arrow\"><\/use>\n        <\/svg><\/span>\n                                    <\/summary>\n                <div class=\"body flex flex-col gap-3\">\n                    <div>\n                        La escota es la cuerda atada a la punta de la vela. Si la vela de sombra es cuadril\u00e1tera, hay dos puntas y, por tanto, dos escotas. La escota es un t\u00e9rmino n\u00e1utico, porque en un barco, \u00a1cada cabo tiene un nombre espec\u00edfico para garantizar una maniobra eficaz!                      <\/div>\n\n                                    <\/div>\n            <\/details>\n            <\/div>\n    \n\n\n\n<h2 class=\"wp-block-heading\">Profesionales<\/h2>\n\n\n\n    <div class=\"cms-accordeons\">\n                    <details class=\"cms-accordeon\">\n                <summary class=\"head\">\n                    \u00bfC\u00f3mo elijo el almacenador FXsun adecuado?                                            <span class=\"cms-accordeon__arrow\"><svg class=\"icon\">\n            <use xlink:href=\"#icon-short-arrow\"><\/use>\n        <\/svg><\/span>\n                                    <\/summary>\n                <div class=\"body flex flex-col gap-3\">\n                    <div>\n                        La elecci\u00f3n del modelo de FXsun depende de la superficie de la vela de sombra que se vaya a enrollar y de la longitud del cable antitorsi\u00f3n alrededor del cual se enrolla y desenrolla la vela.                    <\/div>\n\n                                    <\/div>\n            <\/details>\n                    <details class=\"cms-accordeon\">\n                <summary class=\"head\">\n                    \u00bfDe qu\u00e9 est\u00e1n compuesto los kits FXsun?                                             <span class=\"cms-accordeon__arrow\"><svg class=\"icon\">\n            <use xlink:href=\"#icon-short-arrow\"><\/use>\n        <\/svg><\/span>\n                                    <\/summary>\n                <div class=\"body flex flex-col gap-3\">\n                    <div>\n                        El kit completo de FXsun incluye un kit mec\u00e1nismo (una polea dentada y un giratorio), un kit cabo antitorsi\u00f3n que incluye 2 abrazaderas y, por \u00faltimo, un kit maniobra para accionar la polea dentada y enrollar la vela de sombra.                    <\/div>\n\n                                    <\/div>\n            <\/details>\n                    <details class=\"cms-accordeon\">\n                <summary class=\"head\">\n                    \u00bfC\u00f3mo puedo convertirme en instalador de FXsun?                                              <span class=\"cms-accordeon__arrow\"><svg class=\"icon\">\n            <use xlink:href=\"#icon-short-arrow\"><\/use>\n        <\/svg><\/span>\n                                    <\/summary>\n                <div class=\"body flex flex-col gap-3\">\n                    <div>\n                        Rellena el <a href=\"https:\/\/fxsunfurlers.com\/es\/contacta-con-nosotros\/\" target=\"_blank\">formulario espec\u00edfico<\/a>                    <\/div>\n\n                                    <\/div>\n            <\/details>\n                    <details class=\"cms-accordeon\">\n                <summary class=\"head\">\n                    \u00bfC\u00f3mo instalo el kit ATC?                                            <span class=\"cms-accordeon__arrow\"><svg class=\"icon\">\n            <use xlink:href=\"#icon-short-arrow\"><\/use>\n        <\/svg><\/span>\n                                    <\/summary>\n                <div class=\"body flex flex-col gap-3\">\n                    <div>\n                        Mira el <a href=\"https:\/\/www.youtube.com\/watch?v=bIyUsdn_Ks0&amp;list=PLH1GvKfaY5sZFBoo0BBXtUjYCNLyTkXur&amp;index=8\" target=\"_blank\">tutorial<\/a> en nuestro canal de Youtube.  \r\n\r\n                    <\/div>\n\n                                    <\/div>\n            <\/details>\n                    <details class=\"cms-accordeon\">\n                <summary class=\"head\">\n                    \u00bfD\u00f3nde puedo encontrar informaciones t\u00e9cnicas, instrucciones de uso e instrucciones de montaje?                                            <span class=\"cms-accordeon__arrow\"><svg class=\"icon\">\n            <use xlink:href=\"#icon-short-arrow\"><\/use>\n        <\/svg><\/span>\n                                    <\/summary>\n                <div class=\"body flex flex-col gap-3\">\n                    <div>\n                        Encuentra todos los documentos en la secci\u00f3n de <a href=\"https:\/\/fxsunfurlers.com\/es\/informaciones-tecnicas\/\" target=\"_blank\">informaciones t\u00e9cnicas<\/a>                    <\/div>\n\n                                    <\/div>\n            <\/details>\n            <\/div>\n    \n\n\n\n<p><\/p>\n","protected":false},"excerpt":{"rendered":"<p>Particulares Profesionales<\/p>\n","protected":false},"author":8,"featured_media":0,"parent":0,"menu_order":0,"comment_status":"closed","ping_status":"closed","template":"","meta":{"_acf_changed":false,"footnotes":""},"class_list":["post-1423","page","type-page","status-publish","hentry"],"acf":[],"yoast_head":"<!-- This site is optimized with the Yoast SEO plugin v27.5 - https:\/\/yoast.com\/product\/yoast-seo-wordpress\/ -->\n<title>Preguntas frecuentes - FXSun<\/title>\n<meta name=\"robots\" content=\"index, follow, max-snippet:-1, max-image-preview:large, max-video-preview:-1\" \/>\n<link rel=\"canonical\" href=\"https:\/\/www.fxsunfurlers.com\/es\/preguntas-frecuentes\/\" \/>\n<meta property=\"og:locale\" content=\"es_ES\" \/>\n<meta property=\"og:type\" content=\"article\" \/>\n<meta property=\"og:title\" content=\"Preguntas frecuentes - FXSun\" \/>\n<meta property=\"og:description\" content=\"Particulares Profesionales\" \/>\n<meta property=\"og:url\" content=\"https:\/\/www.fxsunfurlers.com\/es\/preguntas-frecuentes\/\" \/>\n<meta property=\"og:site_name\" content=\"FXSun\" \/>\n<meta property=\"article:modified_time\" content=\"2025-10-13T14:51:10+00:00\" \/>\n<meta name=\"twitter:card\" content=\"summary_large_image\" \/>\n<meta name=\"twitter:label1\" content=\"Est. reading time\" \/>\n\t<meta name=\"twitter:data1\" content=\"1 minute\" \/>\n<script type=\"application\/ld+json\" class=\"yoast-schema-graph\">{\"@context\":\"https:\\\/\\\/schema.org\",\"@graph\":[{\"@type\":\"WebPage\",\"@id\":\"https:\\\/\\\/www.fxsunfurlers.com\\\/es\\\/preguntas-frecuentes\\\/\",\"url\":\"https:\\\/\\\/www.fxsunfurlers.com\\\/es\\\/preguntas-frecuentes\\\/\",\"name\":\"Preguntas frecuentes - FXSun\",\"isPartOf\":{\"@id\":\"https:\\\/\\\/www.fxsunfurlers.com\\\/es\\\/#website\"},\"datePublished\":\"2024-10-07T15:33:52+00:00\",\"dateModified\":\"2025-10-13T14:51:10+00:00\",\"breadcrumb\":{\"@id\":\"https:\\\/\\\/www.fxsunfurlers.com\\\/es\\\/preguntas-frecuentes\\\/#breadcrumb\"},\"inLanguage\":\"es-ES\",\"potentialAction\":[{\"@type\":\"ReadAction\",\"target\":[\"https:\\\/\\\/www.fxsunfurlers.com\\\/es\\\/preguntas-frecuentes\\\/\"]}]},{\"@type\":\"BreadcrumbList\",\"@id\":\"https:\\\/\\\/www.fxsunfurlers.com\\\/es\\\/preguntas-frecuentes\\\/#breadcrumb\",\"itemListElement\":[{\"@type\":\"ListItem\",\"position\":1,\"name\":\"Accueil\",\"item\":\"https:\\\/\\\/www.fxsunfurlers.com\\\/es\\\/\"},{\"@type\":\"ListItem\",\"position\":2,\"name\":\"Preguntas frecuentes\"}]},{\"@type\":\"WebSite\",\"@id\":\"https:\\\/\\\/www.fxsunfurlers.com\\\/es\\\/#website\",\"url\":\"https:\\\/\\\/www.fxsunfurlers.com\\\/es\\\/\",\"name\":\"FXSun\",\"description\":\"Solution marine pour voiles d&#039;ombrage\",\"potentialAction\":[{\"@type\":\"SearchAction\",\"target\":{\"@type\":\"EntryPoint\",\"urlTemplate\":\"https:\\\/\\\/www.fxsunfurlers.com\\\/es\\\/?s={search_term_string}\"},\"query-input\":{\"@type\":\"PropertyValueSpecification\",\"valueRequired\":true,\"valueName\":\"search_term_string\"}}],\"inLanguage\":\"es-ES\"}]}<\/script>\n<!-- \/ Yoast SEO plugin. -->","yoast_head_json":{"title":"Preguntas frecuentes - FXSun","robots":{"index":"index","follow":"follow","max-snippet":"max-snippet:-1","max-image-preview":"max-image-preview:large","max-video-preview":"max-video-preview:-1"},"canonical":"https:\/\/www.fxsunfurlers.com\/es\/preguntas-frecuentes\/","og_locale":"es_ES","og_type":"article","og_title":"Preguntas frecuentes - FXSun","og_description":"Particulares Profesionales","og_url":"https:\/\/www.fxsunfurlers.com\/es\/preguntas-frecuentes\/","og_site_name":"FXSun","article_modified_time":"2025-10-13T14:51:10+00:00","twitter_card":"summary_large_image","twitter_misc":{"Est. reading time":"1 minute"},"schema":{"@context":"https:\/\/schema.org","@graph":[{"@type":"WebPage","@id":"https:\/\/www.fxsunfurlers.com\/es\/preguntas-frecuentes\/","url":"https:\/\/www.fxsunfurlers.com\/es\/preguntas-frecuentes\/","name":"Preguntas frecuentes - FXSun","isPartOf":{"@id":"https:\/\/www.fxsunfurlers.com\/es\/#website"},"datePublished":"2024-10-07T15:33:52+00:00","dateModified":"2025-10-13T14:51:10+00:00","breadcrumb":{"@id":"https:\/\/www.fxsunfurlers.com\/es\/preguntas-frecuentes\/#breadcrumb"},"inLanguage":"es-ES","potentialAction":[{"@type":"ReadAction","target":["https:\/\/www.fxsunfurlers.com\/es\/preguntas-frecuentes\/"]}]},{"@type":"BreadcrumbList","@id":"https:\/\/www.fxsunfurlers.com\/es\/preguntas-frecuentes\/#breadcrumb","itemListElement":[{"@type":"ListItem","position":1,"name":"Accueil","item":"https:\/\/www.fxsunfurlers.com\/es\/"},{"@type":"ListItem","position":2,"name":"Preguntas frecuentes"}]},{"@type":"WebSite","@id":"https:\/\/www.fxsunfurlers.com\/es\/#website","url":"https:\/\/www.fxsunfurlers.com\/es\/","name":"FXSun","description":"Solution marine pour voiles d&#039;ombrage","potentialAction":[{"@type":"SearchAction","target":{"@type":"EntryPoint","urlTemplate":"https:\/\/www.fxsunfurlers.com\/es\/?s={search_term_string}"},"query-input":{"@type":"PropertyValueSpecification","valueRequired":true,"valueName":"search_term_string"}}],"inLanguage":"es-ES"}]}},"_links":{"self":[{"href":"https:\/\/www.fxsunfurlers.com\/es\/wp-json\/wp\/v2\/pages\/1423","targetHints":{"allow":["GET"]}}],"collection":[{"href":"https:\/\/www.fxsunfurlers.com\/es\/wp-json\/wp\/v2\/pages"}],"about":[{"href":"https:\/\/www.fxsunfurlers.com\/es\/wp-json\/wp\/v2\/types\/page"}],"author":[{"embeddable":true,"href":"https:\/\/www.fxsunfurlers.com\/es\/wp-json\/wp\/v2\/users\/8"}],"replies":[{"embeddable":true,"href":"https:\/\/www.fxsunfurlers.com\/es\/wp-json\/wp\/v2\/comments?post=1423"}],"version-history":[{"count":2,"href":"https:\/\/www.fxsunfurlers.com\/es\/wp-json\/wp\/v2\/pages\/1423\/revisions"}],"predecessor-version":[{"id":1438,"href":"https:\/\/www.fxsunfurlers.com\/es\/wp-json\/wp\/v2\/pages\/1423\/revisions\/1438"}],"wp:attachment":[{"href":"https:\/\/www.fxsunfurlers.com\/es\/wp-json\/wp\/v2\/media?parent=1423"}],"curies":[{"name":"wp","href":"https:\/\/api.w.org\/{rel}","templated":true}]}}