{"id":1392,"date":"2024-10-02T11:11:10","date_gmt":"2024-10-02T09:11:10","guid":{"rendered":"https:\/\/fxsunfurlers.com\/quienes-somos\/"},"modified":"2025-10-13T16:32:25","modified_gmt":"2025-10-13T14:32:25","slug":"quienes-somos","status":"publish","type":"page","link":"https:\/\/www.fxsunfurlers.com\/es\/quienes-somos\/","title":{"rendered":"\u00bfQui\u00e9nes somos?"},"content":{"rendered":"\n<p><strong>Facnor es el l\u00edder mundial en sistemas de almacenaje de velas<\/strong>. Suministramos a un gran n\u00famero de astilleros y tambi\u00e9n equipamos yates de regatas oce\u00e1nicas, apoyando la investigaci\u00f3n y el desarrollo de la gama de productos. La marca ha desarrollado una red de 170 distribuidores que la representan en 40 pa\u00edses.<\/p>\n\n\n\n<figure class=\"wp-block-embed is-type-video is-provider-youtube wp-block-embed-youtube wp-embed-aspect-16-9 wp-has-aspect-ratio\"><div class=\"wp-block-embed__wrapper\">\n<iframe loading=\"lazy\" title=\"Facnor_Furling Systems\" width=\"500\" height=\"281\" src=\"https:\/\/www.youtube.com\/embed\/rvySuZnFagw?feature=oembed\" frameborder=\"0\" allow=\"accelerometer; autoplay; clipboard-write; encrypted-media; gyroscope; picture-in-picture; web-share\" referrerpolicy=\"strict-origin-when-cross-origin\" allowfullscreen><\/iframe>\n<\/div><\/figure>\n\n\n\n    <div class=\"cms-text-illustration -left\">\n        <div class=\"left\">\n            <h2>Una empresa innovadora<\/h2>\n<p>La innovaci\u00f3n es nuestra prioridad. Con un equipo de ingenieros cualificados en metalurgia y materiales compuestos, Facnor se ha convertido en l\u00edder en el sector de los sistemas al enrollado para veleros gracias a una pol\u00edtica basada en la investigaci\u00f3n y el desarrollo continuo. La estrecha relaci\u00f3n con nuestros clientes nos permite responder a sus necesidades de la forma m\u00e1s eficaz posible. Nos basamos en las opiniones de los navegantes y capitanes que utilizan nuestros productos a diario para mejorar constantemente nuestras gamas. Tambi\u00e9n escuchamos a los usuarios de FXsun para las velas de sombra.<\/p>\n\n                    <\/div>\n        <div class=\"right\">\n            <img decoding=\"async\" src=\"https:\/\/www.fxsunfurlers.com\/wp-content\/uploads\/2025\/03\/EXPERTISE_FACNOR8INNOVATION-600x396.jpg\" alt=\"\" class=\"illustration\" \/>\n        <\/div>\n    <\/div>\n\n\n\n    <div class=\"cms-text-illustration -right\">\n        <div class=\"left\">\n            <h2>Productos de calidad<\/h2>\n<p>La calidad del dise\u00f1o y la fabricaci\u00f3n de nuestros productos, el dinamismo de nuestro equipo y la profesionalidad de nuestra red de distribuidores nos han permitido convertirnos en uno de los principales fabricantes de acastillajes. Nuestras soluciones son sencillas y l\u00f3gicas, y combinan la rapidez de montaje con la facilidad de uso. <\/p>\n\n                    <\/div>\n        <div class=\"right\">\n            <img decoding=\"async\" src=\"https:\/\/www.fxsunfurlers.com\/wp-content\/uploads\/2025\/03\/zoom_produit_facnor-3-600x600.jpg\" alt=\"\" class=\"illustration\" \/>\n        <\/div>\n    <\/div>\n\n\n\n    <div class=\"cms-text-illustration -left\">\n        <div class=\"left\">\n            <h2>Desempe\u00f1o y fiabilidad<\/h2>\n<p>Gracias a su experiencia en regatas oce\u00e1nicas, Facnor ha triunfado en muchas regatas y circuitos. Es un prestigio adquirido a base de millas y victorias, y un gusto por los retos. Al igual que los capitanes y los jefes de proyecto, somos exigentes y no escatimamos esfuerzos para encontrar las soluciones adecuadas.  <\/p>\n\n                    <\/div>\n        <div class=\"right\">\n            <img decoding=\"async\" src=\"https:\/\/www.fxsunfurlers.com\/wp-content\/uploads\/2025\/03\/performance_fiabilite_facnor_expertise-600x600.jpg\" alt=\"\" class=\"illustration\" \/>\n        <\/div>\n    <\/div>\n\n\n    <div class=\"cms-text-button -white\">\n        <h2 class=\"titre\">Atenci\u00f3n al cliente<\/h2>\n\n                    <picture class=\"picture\">\n                <source srcset=\"https:\/\/www.fxsunfurlers.com\/wp-content\/uploads\/2025\/06\/carte_fxsun.png\" media=\"(min-width: 600px)\" \/>\n                <source srcset=\"https:\/\/www.fxsunfurlers.com\/wp-content\/uploads\/2025\/06\/carte_fxsun-400x491.png\" \/>\n                <img decoding=\"async\" loading=\"lazy\" src=\"https:\/\/www.fxsunfurlers.com\/wp-content\/uploads\/2025\/06\/carte_fxsun-400x491.png\" alt=\"\" class=\"image\" \/>\n            <\/picture>\n        \n                    <div class=\"texte\"><ul>\n<li>Una red de ventas internacional que ofrece un servicio posventa r\u00e1pido y eficaz en 40 pa\u00edses.<\/li>\n<li>Un equipo dispuesto a darte el mejor asesoramiento posible.<\/li>\n<li>Una amplia red de profesionales certificados<\/li>\n<\/ul>\n<\/div>\n        \n                    <a href=\"https:\/\/fxsunfurlers.com\/es\/red-de-expertos\/\" class=\"button -white\" target=\"\">\n                Contacta con un instalador profesional            <\/a>\n            <\/div>\n\n\n    <div class=\"cms-text-button -blue\">\n        <h2 class=\"titre\">El Grupo Wichard<\/h2>\n\n                    <picture class=\"picture\">\n                <source srcset=\"https:\/\/www.fxsunfurlers.com\/wp-content\/uploads\/2025\/06\/WICHARD-1440x810.jpg\" media=\"(min-width: 600px)\" \/>\n                <source srcset=\"https:\/\/www.fxsunfurlers.com\/wp-content\/uploads\/2025\/06\/WICHARD-400x500.jpg\" \/>\n                <img decoding=\"async\" loading=\"lazy\" src=\"https:\/\/www.fxsunfurlers.com\/wp-content\/uploads\/2025\/06\/WICHARD-400x500.jpg\" alt=\"\" class=\"image\" \/>\n            <\/picture>\n        \n                    <div class=\"texte\"><ul>\n<li>10 marcas: Wichard, Profurl, Facnor, Peguet, Sparcraft, Lorima, Maillard, Courant, Ronstan y Axxon<\/li>\n<li>650 empleados<\/li>\n<li>Miles de art\u00edculos disponibles para m\u00e1stiles (aluminio y carbono), acastillajes, jarcias, sistemas al enrollado y cabos.<\/li>\n<\/ul>\n<\/div>\n        \n                    <a href=\"https:\/\/www.wichardgroup.com\/en\/#wichard-group\" class=\"button -blue\" target=\"_blank\">\n                M\u00e1s informaci\u00f3n            <\/a>\n            <\/div>\n","protected":false},"excerpt":{"rendered":"<p>Facnor es el l\u00edder mundial en sistemas de almacenaje de velas. Suministramos a un gran n\u00famero de astilleros y tambi\u00e9n equipamos yates de regatas oce\u00e1nicas, apoyando la investigaci\u00f3n y el desarrollo de la gama de productos. La marca ha desarrollado una red de 170 distribuidores que la representan en 40 pa\u00edses.<\/p>\n","protected":false},"author":8,"featured_media":0,"parent":0,"menu_order":0,"comment_status":"closed","ping_status":"closed","template":"","meta":{"_acf_changed":false,"footnotes":""},"class_list":["post-1392","page","type-page","status-publish","hentry"],"acf":[],"yoast_head":"<!-- This site is optimized with the Yoast SEO plugin v27.5 - https:\/\/yoast.com\/product\/yoast-seo-wordpress\/ -->\n<title>\u00bfQui\u00e9nes somos? - FXSun<\/title>\n<meta name=\"robots\" content=\"index, follow, max-snippet:-1, max-image-preview:large, max-video-preview:-1\" \/>\n<link rel=\"canonical\" href=\"https:\/\/www.fxsunfurlers.com\/es\/quienes-somos\/\" \/>\n<meta property=\"og:locale\" content=\"es_ES\" \/>\n<meta property=\"og:type\" content=\"article\" \/>\n<meta property=\"og:title\" content=\"\u00bfQui\u00e9nes somos? - FXSun\" \/>\n<meta property=\"og:description\" content=\"Facnor es el l\u00edder mundial en sistemas de almacenaje de velas. Suministramos a un gran n\u00famero de astilleros y tambi\u00e9n equipamos yates de regatas oce\u00e1nicas, apoyando la investigaci\u00f3n y el desarrollo de la gama de productos. La marca ha desarrollado una red de 170 distribuidores que la representan en 40 pa\u00edses.\" \/>\n<meta property=\"og:url\" content=\"https:\/\/www.fxsunfurlers.com\/es\/quienes-somos\/\" \/>\n<meta property=\"og:site_name\" content=\"FXSun\" \/>\n<meta property=\"article:modified_time\" content=\"2025-10-13T14:32:25+00:00\" \/>\n<meta name=\"twitter:card\" content=\"summary_large_image\" \/>\n<meta name=\"twitter:label1\" content=\"Est. reading time\" \/>\n\t<meta name=\"twitter:data1\" content=\"1 minute\" \/>\n<script type=\"application\/ld+json\" class=\"yoast-schema-graph\">{\"@context\":\"https:\\\/\\\/schema.org\",\"@graph\":[{\"@type\":\"WebPage\",\"@id\":\"https:\\\/\\\/www.fxsunfurlers.com\\\/es\\\/quienes-somos\\\/\",\"url\":\"https:\\\/\\\/www.fxsunfurlers.com\\\/es\\\/quienes-somos\\\/\",\"name\":\"\u00bfQui\u00e9nes somos? - FXSun\",\"isPartOf\":{\"@id\":\"https:\\\/\\\/www.fxsunfurlers.com\\\/es\\\/#website\"},\"datePublished\":\"2024-10-02T09:11:10+00:00\",\"dateModified\":\"2025-10-13T14:32:25+00:00\",\"breadcrumb\":{\"@id\":\"https:\\\/\\\/www.fxsunfurlers.com\\\/es\\\/quienes-somos\\\/#breadcrumb\"},\"inLanguage\":\"es-ES\",\"potentialAction\":[{\"@type\":\"ReadAction\",\"target\":[\"https:\\\/\\\/www.fxsunfurlers.com\\\/es\\\/quienes-somos\\\/\"]}]},{\"@type\":\"BreadcrumbList\",\"@id\":\"https:\\\/\\\/www.fxsunfurlers.com\\\/es\\\/quienes-somos\\\/#breadcrumb\",\"itemListElement\":[{\"@type\":\"ListItem\",\"position\":1,\"name\":\"Accueil\",\"item\":\"https:\\\/\\\/www.fxsunfurlers.com\\\/es\\\/\"},{\"@type\":\"ListItem\",\"position\":2,\"name\":\"\u00bfQui\u00e9nes somos?\"}]},{\"@type\":\"WebSite\",\"@id\":\"https:\\\/\\\/www.fxsunfurlers.com\\\/es\\\/#website\",\"url\":\"https:\\\/\\\/www.fxsunfurlers.com\\\/es\\\/\",\"name\":\"FXSun\",\"description\":\"Solution marine pour voiles d&#039;ombrage\",\"potentialAction\":[{\"@type\":\"SearchAction\",\"target\":{\"@type\":\"EntryPoint\",\"urlTemplate\":\"https:\\\/\\\/www.fxsunfurlers.com\\\/es\\\/?s={search_term_string}\"},\"query-input\":{\"@type\":\"PropertyValueSpecification\",\"valueRequired\":true,\"valueName\":\"search_term_string\"}}],\"inLanguage\":\"es-ES\"}]}<\/script>\n<!-- \/ Yoast SEO plugin. -->","yoast_head_json":{"title":"\u00bfQui\u00e9nes somos? - FXSun","robots":{"index":"index","follow":"follow","max-snippet":"max-snippet:-1","max-image-preview":"max-image-preview:large","max-video-preview":"max-video-preview:-1"},"canonical":"https:\/\/www.fxsunfurlers.com\/es\/quienes-somos\/","og_locale":"es_ES","og_type":"article","og_title":"\u00bfQui\u00e9nes somos? - FXSun","og_description":"Facnor es el l\u00edder mundial en sistemas de almacenaje de velas. Suministramos a un gran n\u00famero de astilleros y tambi\u00e9n equipamos yates de regatas oce\u00e1nicas, apoyando la investigaci\u00f3n y el desarrollo de la gama de productos. La marca ha desarrollado una red de 170 distribuidores que la representan en 40 pa\u00edses.","og_url":"https:\/\/www.fxsunfurlers.com\/es\/quienes-somos\/","og_site_name":"FXSun","article_modified_time":"2025-10-13T14:32:25+00:00","twitter_card":"summary_large_image","twitter_misc":{"Est. reading time":"1 minute"},"schema":{"@context":"https:\/\/schema.org","@graph":[{"@type":"WebPage","@id":"https:\/\/www.fxsunfurlers.com\/es\/quienes-somos\/","url":"https:\/\/www.fxsunfurlers.com\/es\/quienes-somos\/","name":"\u00bfQui\u00e9nes somos? - FXSun","isPartOf":{"@id":"https:\/\/www.fxsunfurlers.com\/es\/#website"},"datePublished":"2024-10-02T09:11:10+00:00","dateModified":"2025-10-13T14:32:25+00:00","breadcrumb":{"@id":"https:\/\/www.fxsunfurlers.com\/es\/quienes-somos\/#breadcrumb"},"inLanguage":"es-ES","potentialAction":[{"@type":"ReadAction","target":["https:\/\/www.fxsunfurlers.com\/es\/quienes-somos\/"]}]},{"@type":"BreadcrumbList","@id":"https:\/\/www.fxsunfurlers.com\/es\/quienes-somos\/#breadcrumb","itemListElement":[{"@type":"ListItem","position":1,"name":"Accueil","item":"https:\/\/www.fxsunfurlers.com\/es\/"},{"@type":"ListItem","position":2,"name":"\u00bfQui\u00e9nes somos?"}]},{"@type":"WebSite","@id":"https:\/\/www.fxsunfurlers.com\/es\/#website","url":"https:\/\/www.fxsunfurlers.com\/es\/","name":"FXSun","description":"Solution marine pour voiles d&#039;ombrage","potentialAction":[{"@type":"SearchAction","target":{"@type":"EntryPoint","urlTemplate":"https:\/\/www.fxsunfurlers.com\/es\/?s={search_term_string}"},"query-input":{"@type":"PropertyValueSpecification","valueRequired":true,"valueName":"search_term_string"}}],"inLanguage":"es-ES"}]}},"_links":{"self":[{"href":"https:\/\/www.fxsunfurlers.com\/es\/wp-json\/wp\/v2\/pages\/1392","targetHints":{"allow":["GET"]}}],"collection":[{"href":"https:\/\/www.fxsunfurlers.com\/es\/wp-json\/wp\/v2\/pages"}],"about":[{"href":"https:\/\/www.fxsunfurlers.com\/es\/wp-json\/wp\/v2\/types\/page"}],"author":[{"embeddable":true,"href":"https:\/\/www.fxsunfurlers.com\/es\/wp-json\/wp\/v2\/users\/8"}],"replies":[{"embeddable":true,"href":"https:\/\/www.fxsunfurlers.com\/es\/wp-json\/wp\/v2\/comments?post=1392"}],"version-history":[{"count":11,"href":"https:\/\/www.fxsunfurlers.com\/es\/wp-json\/wp\/v2\/pages\/1392\/revisions"}],"predecessor-version":[{"id":1767,"href":"https:\/\/www.fxsunfurlers.com\/es\/wp-json\/wp\/v2\/pages\/1392\/revisions\/1767"}],"wp:attachment":[{"href":"https:\/\/www.fxsunfurlers.com\/es\/wp-json\/wp\/v2\/media?parent=1392"}],"curies":[{"name":"wp","href":"https:\/\/api.w.org\/{rel}","templated":true}]}}