{"id":1733,"date":"2024-10-02T11:11:10","date_gmt":"2024-10-02T09:11:10","guid":{"rendered":"https:\/\/fxsunfurlers.com\/wer-sind-wir\/"},"modified":"2025-10-30T16:44:55","modified_gmt":"2025-10-30T15:44:55","slug":"wer-sind-wir","status":"publish","type":"page","link":"https:\/\/www.fxsunfurlers.com\/de\/wer-sind-wir\/","title":{"rendered":"Wer sind wir?"},"content":{"rendered":"\n<p><strong>Facnor ist der weltweit f\u00fchrende Hersteller von Rollanlagen f\u00fcr den Segelsport und sonstigen Rollsystemen.<\/strong> Wir beliefern Werften und r\u00fcsten Yachten f\u00fcr den Hochseesegelsport aus. So sammeln wir Erfahrung und unterst\u00fctzen damit die Forschung zur stetigen Verbesserung unserer Produktpalette. Die Marke hat ein Netzwerk von 170 H\u00e4ndlern aufgebaut, welche die Marke in 40 L\u00e4ndern der Welt vertreten. <\/p>\n\n\n\n<figure class=\"wp-block-embed is-type-video is-provider-youtube wp-block-embed-youtube wp-embed-aspect-16-9 wp-has-aspect-ratio\"><div class=\"wp-block-embed__wrapper\">\n<iframe loading=\"lazy\" title=\"Facnor_Furling Systems\" width=\"500\" height=\"281\" src=\"https:\/\/www.youtube.com\/embed\/rvySuZnFagw?feature=oembed\" frameborder=\"0\" allow=\"accelerometer; autoplay; clipboard-write; encrypted-media; gyroscope; picture-in-picture; web-share\" referrerpolicy=\"strict-origin-when-cross-origin\" allowfullscreen><\/iframe>\n<\/div><\/figure>\n\n\n\n    <div class=\"cms-text-illustration -left\">\n        <div class=\"left\">\n            <h2>Ein innovatives Unternehmen<\/h2>\n<p>Innovationen haben bei uns Priorit\u00e4t. Mit einem Team von hochprofessionellen Ingenieuren aus den Bereichen Metallverarbeitung und Verbundwerkstoffe ist Facnor durch stetige Forschung und kontinuierliche Weiterentwicklung zum Marktf\u00fchrer f\u00fcr Rollsysteme auf Segelyachten geworden. Die N\u00e4he zu unseren Kunden erm\u00f6glicht es uns, bestm\u00f6glich auf ihre Bed\u00fcrfnisse einzugehen. Wir st\u00fctzen uns auf das Feedback von Seglern und Skippern, die unsere Produkte t\u00e4glich nutzen, um unsere Produkte st\u00e4ndig zu verbessern. <br \/>Genauso h\u00f6ren wir auch unseren FXsun-Nutzern zu, wenn es um Sonnensegel-Rollanlagen geht.    <\/p>\n\n                    <\/div>\n        <div class=\"right\">\n            <img decoding=\"async\" src=\"https:\/\/www.fxsunfurlers.com\/wp-content\/uploads\/2025\/03\/EXPERTISE_FACNOR8INNOVATION-600x396.jpg\" alt=\"\" class=\"illustration\" \/>\n        <\/div>\n    <\/div>\n\n\n\n    <div class=\"cms-text-illustration -right\">\n        <div class=\"left\">\n            <h2>Qualitativ hochwertige Produkte<\/h2>\n<p>Durch die Qualit\u00e4t bei Konzeption und Herstellung unserer Produkte, die Dynamik unseres Teams und die Professionalit\u00e4t unseres H\u00e4ndlernetzwerkes geh\u00f6ren wir heute zu den f\u00fchrenden Herstellern von Beschl\u00e4gen. Wir bieten simple und logische L\u00f6sungen f\u00fcr eine einfache Montage und leichter Bedienungbarkeit. <\/p>\n\n                    <\/div>\n        <div class=\"right\">\n            <img decoding=\"async\" src=\"https:\/\/www.fxsunfurlers.com\/wp-content\/uploads\/2025\/03\/zoom_produit_facnor-3-600x600.jpg\" alt=\"\" class=\"illustration\" \/>\n        <\/div>\n    <\/div>\n\n\n\n    <div class=\"cms-text-illustration -left\">\n        <div class=\"left\">\n            <h2>Leistung und Zuverl\u00e4ssigkeit<\/h2>\n<p>Seine Erfahrung im Hochseesegelsport hat Facnor durch Erfolge bei zahlreichen Segelrennen und Weltregatten unter Beweis gestellt. Ein Prestige, das wir durch viele Meilen, Siege und eine ausgepr\u00e4gte Vorliebe f\u00fcr Herausforderungen erworben haben. Wie jeder Skipper und Projektmanager sind auch wir anspruchsvoll und scheuen keine M\u00fchen, um passende L\u00f6sungen zu finden.  <\/p>\n\n                    <\/div>\n        <div class=\"right\">\n            <img decoding=\"async\" src=\"https:\/\/www.fxsunfurlers.com\/wp-content\/uploads\/2025\/03\/performance_fiabilite_facnor_expertise-600x600.jpg\" alt=\"\" class=\"illustration\" \/>\n        <\/div>\n    <\/div>\n\n\n    <div class=\"cms-text-button -white\">\n        <h2 class=\"titre\">Kundenservice<\/h2>\n\n                    <picture class=\"picture\">\n                <source srcset=\"https:\/\/www.fxsunfurlers.com\/wp-content\/uploads\/2025\/06\/carte_fxsun.png\" media=\"(min-width: 600px)\" \/>\n                <source srcset=\"https:\/\/www.fxsunfurlers.com\/wp-content\/uploads\/2025\/06\/carte_fxsun-400x491.png\" \/>\n                <img decoding=\"async\" loading=\"lazy\" src=\"https:\/\/www.fxsunfurlers.com\/wp-content\/uploads\/2025\/06\/carte_fxsun-400x491.png\" alt=\"\" class=\"image\" \/>\n            <\/picture>\n        \n                    <div class=\"texte\"><ul>\n<li>Ein internationales Vertriebsnetz in 40 L\u00e4ndern f\u00fcr schnellen und effiziente Kundenservice.<\/li>\n<li>Ein Team, das sie bestm\u00f6glich ber\u00e4t<\/li>\n<li>Ein weltumspannendes Netzwerk von Fachleuten<\/li>\n<\/ul>\n<\/div>\n        \n                    <a href=\"https:\/\/fxsunfurlers.com\/de\/unser-netzwerk-von-experten\/\" class=\"button -white\" target=\"\">\n                Kontaktieren Sie einen unserer Fachleute            <\/a>\n            <\/div>\n\n\n    <div class=\"cms-text-button -blue\">\n        <h2 class=\"titre\">Die Wichard Gruppe<\/h2>\n\n                    <picture class=\"picture\">\n                <source srcset=\"https:\/\/www.fxsunfurlers.com\/wp-content\/uploads\/2025\/06\/WICHARD-1440x810.jpg\" media=\"(min-width: 600px)\" \/>\n                <source srcset=\"https:\/\/www.fxsunfurlers.com\/wp-content\/uploads\/2025\/06\/WICHARD-400x500.jpg\" \/>\n                <img decoding=\"async\" loading=\"lazy\" src=\"https:\/\/www.fxsunfurlers.com\/wp-content\/uploads\/2025\/06\/WICHARD-400x500.jpg\" alt=\"\" class=\"image\" \/>\n            <\/picture>\n        \n                    <div class=\"texte\"><ul>\n<li>10 Marken: Wichard, Profurl, Facnor, Peguet, Sparcraft, Lorima, Maillard, Courant, Ronstan und Axxon<\/li>\n<li>650 Mitarbeiter<\/li>\n<li>Tausende von Artikeln f\u00fcr den Mastbau in Aluminium und Carbon, Beschl\u00e4ge, Takelagen, Rollsysteme und Seile verf\u00fcgbar<\/li>\n<\/ul>\n<\/div>\n        \n                    <a href=\"https:\/\/www.wichardgroup.com\/en\/#wichard-group\" class=\"button -blue\" target=\"_blank\">\n                Entdecken Sie die Gruppe            <\/a>\n            <\/div>\n","protected":false},"excerpt":{"rendered":"<p>Facnor ist der weltweit f\u00fchrende Hersteller von Rollanlagen f\u00fcr den Segelsport und sonstigen Rollsystemen. Wir beliefern Werften und r\u00fcsten Yachten f\u00fcr den Hochseesegelsport aus. So sammeln wir Erfahrung und unterst\u00fctzen damit die Forschung zur stetigen Verbesserung unserer Produktpalette. Die Marke hat ein Netzwerk von 170 H\u00e4ndlern aufgebaut, welche die Marke in 40 L\u00e4ndern der Welt [&hellip;]<\/p>\n","protected":false},"author":8,"featured_media":0,"parent":0,"menu_order":0,"comment_status":"closed","ping_status":"closed","template":"","meta":{"_acf_changed":false,"footnotes":""},"class_list":["post-1733","page","type-page","status-publish","hentry"],"acf":[],"yoast_head":"<!-- This site is optimized with the Yoast SEO plugin v27.5 - https:\/\/yoast.com\/product\/yoast-seo-wordpress\/ -->\n<title>Wer sind wir? - FXSun<\/title>\n<meta name=\"robots\" content=\"index, follow, max-snippet:-1, max-image-preview:large, max-video-preview:-1\" \/>\n<link rel=\"canonical\" href=\"https:\/\/www.fxsunfurlers.com\/de\/wer-sind-wir\/\" \/>\n<meta property=\"og:locale\" content=\"de_DE\" \/>\n<meta property=\"og:type\" content=\"article\" \/>\n<meta property=\"og:title\" content=\"Wer sind wir? - FXSun\" \/>\n<meta property=\"og:description\" content=\"Facnor ist der weltweit f\u00fchrende Hersteller von Rollanlagen f\u00fcr den Segelsport und sonstigen Rollsystemen. Wir beliefern Werften und r\u00fcsten Yachten f\u00fcr den Hochseesegelsport aus. So sammeln wir Erfahrung und unterst\u00fctzen damit die Forschung zur stetigen Verbesserung unserer Produktpalette. Die Marke hat ein Netzwerk von 170 H\u00e4ndlern aufgebaut, welche die Marke in 40 L\u00e4ndern der Welt [&hellip;]\" \/>\n<meta property=\"og:url\" content=\"https:\/\/www.fxsunfurlers.com\/de\/wer-sind-wir\/\" \/>\n<meta property=\"og:site_name\" content=\"FXSun\" \/>\n<meta property=\"article:modified_time\" content=\"2025-10-30T15:44:55+00:00\" \/>\n<meta name=\"twitter:card\" content=\"summary_large_image\" \/>\n<meta name=\"twitter:label1\" content=\"Est. reading time\" \/>\n\t<meta name=\"twitter:data1\" content=\"1 minute\" \/>\n<script type=\"application\/ld+json\" class=\"yoast-schema-graph\">{\"@context\":\"https:\\\/\\\/schema.org\",\"@graph\":[{\"@type\":\"WebPage\",\"@id\":\"https:\\\/\\\/www.fxsunfurlers.com\\\/de\\\/wer-sind-wir\\\/\",\"url\":\"https:\\\/\\\/www.fxsunfurlers.com\\\/de\\\/wer-sind-wir\\\/\",\"name\":\"Wer sind wir? - FXSun\",\"isPartOf\":{\"@id\":\"https:\\\/\\\/www.fxsunfurlers.com\\\/de\\\/#website\"},\"datePublished\":\"2024-10-02T09:11:10+00:00\",\"dateModified\":\"2025-10-30T15:44:55+00:00\",\"breadcrumb\":{\"@id\":\"https:\\\/\\\/www.fxsunfurlers.com\\\/de\\\/wer-sind-wir\\\/#breadcrumb\"},\"inLanguage\":\"de-DE\",\"potentialAction\":[{\"@type\":\"ReadAction\",\"target\":[\"https:\\\/\\\/www.fxsunfurlers.com\\\/de\\\/wer-sind-wir\\\/\"]}]},{\"@type\":\"BreadcrumbList\",\"@id\":\"https:\\\/\\\/www.fxsunfurlers.com\\\/de\\\/wer-sind-wir\\\/#breadcrumb\",\"itemListElement\":[{\"@type\":\"ListItem\",\"position\":1,\"name\":\"Accueil\",\"item\":\"https:\\\/\\\/www.fxsunfurlers.com\\\/de\\\/\"},{\"@type\":\"ListItem\",\"position\":2,\"name\":\"Wer sind wir?\"}]},{\"@type\":\"WebSite\",\"@id\":\"https:\\\/\\\/www.fxsunfurlers.com\\\/de\\\/#website\",\"url\":\"https:\\\/\\\/www.fxsunfurlers.com\\\/de\\\/\",\"name\":\"FXSun\",\"description\":\"Solution marine pour voiles d&#039;ombrage\",\"potentialAction\":[{\"@type\":\"SearchAction\",\"target\":{\"@type\":\"EntryPoint\",\"urlTemplate\":\"https:\\\/\\\/www.fxsunfurlers.com\\\/de\\\/?s={search_term_string}\"},\"query-input\":{\"@type\":\"PropertyValueSpecification\",\"valueRequired\":true,\"valueName\":\"search_term_string\"}}],\"inLanguage\":\"de-DE\"}]}<\/script>\n<!-- \/ Yoast SEO plugin. -->","yoast_head_json":{"title":"Wer sind wir? - FXSun","robots":{"index":"index","follow":"follow","max-snippet":"max-snippet:-1","max-image-preview":"max-image-preview:large","max-video-preview":"max-video-preview:-1"},"canonical":"https:\/\/www.fxsunfurlers.com\/de\/wer-sind-wir\/","og_locale":"de_DE","og_type":"article","og_title":"Wer sind wir? - FXSun","og_description":"Facnor ist der weltweit f\u00fchrende Hersteller von Rollanlagen f\u00fcr den Segelsport und sonstigen Rollsystemen. Wir beliefern Werften und r\u00fcsten Yachten f\u00fcr den Hochseesegelsport aus. So sammeln wir Erfahrung und unterst\u00fctzen damit die Forschung zur stetigen Verbesserung unserer Produktpalette. Die Marke hat ein Netzwerk von 170 H\u00e4ndlern aufgebaut, welche die Marke in 40 L\u00e4ndern der Welt [&hellip;]","og_url":"https:\/\/www.fxsunfurlers.com\/de\/wer-sind-wir\/","og_site_name":"FXSun","article_modified_time":"2025-10-30T15:44:55+00:00","twitter_card":"summary_large_image","twitter_misc":{"Est. reading time":"1 minute"},"schema":{"@context":"https:\/\/schema.org","@graph":[{"@type":"WebPage","@id":"https:\/\/www.fxsunfurlers.com\/de\/wer-sind-wir\/","url":"https:\/\/www.fxsunfurlers.com\/de\/wer-sind-wir\/","name":"Wer sind wir? - FXSun","isPartOf":{"@id":"https:\/\/www.fxsunfurlers.com\/de\/#website"},"datePublished":"2024-10-02T09:11:10+00:00","dateModified":"2025-10-30T15:44:55+00:00","breadcrumb":{"@id":"https:\/\/www.fxsunfurlers.com\/de\/wer-sind-wir\/#breadcrumb"},"inLanguage":"de-DE","potentialAction":[{"@type":"ReadAction","target":["https:\/\/www.fxsunfurlers.com\/de\/wer-sind-wir\/"]}]},{"@type":"BreadcrumbList","@id":"https:\/\/www.fxsunfurlers.com\/de\/wer-sind-wir\/#breadcrumb","itemListElement":[{"@type":"ListItem","position":1,"name":"Accueil","item":"https:\/\/www.fxsunfurlers.com\/de\/"},{"@type":"ListItem","position":2,"name":"Wer sind wir?"}]},{"@type":"WebSite","@id":"https:\/\/www.fxsunfurlers.com\/de\/#website","url":"https:\/\/www.fxsunfurlers.com\/de\/","name":"FXSun","description":"Solution marine pour voiles d&#039;ombrage","potentialAction":[{"@type":"SearchAction","target":{"@type":"EntryPoint","urlTemplate":"https:\/\/www.fxsunfurlers.com\/de\/?s={search_term_string}"},"query-input":{"@type":"PropertyValueSpecification","valueRequired":true,"valueName":"search_term_string"}}],"inLanguage":"de-DE"}]}},"_links":{"self":[{"href":"https:\/\/www.fxsunfurlers.com\/de\/wp-json\/wp\/v2\/pages\/1733","targetHints":{"allow":["GET"]}}],"collection":[{"href":"https:\/\/www.fxsunfurlers.com\/de\/wp-json\/wp\/v2\/pages"}],"about":[{"href":"https:\/\/www.fxsunfurlers.com\/de\/wp-json\/wp\/v2\/types\/page"}],"author":[{"embeddable":true,"href":"https:\/\/www.fxsunfurlers.com\/de\/wp-json\/wp\/v2\/users\/8"}],"replies":[{"embeddable":true,"href":"https:\/\/www.fxsunfurlers.com\/de\/wp-json\/wp\/v2\/comments?post=1733"}],"version-history":[{"count":6,"href":"https:\/\/www.fxsunfurlers.com\/de\/wp-json\/wp\/v2\/pages\/1733\/revisions"}],"predecessor-version":[{"id":1826,"href":"https:\/\/www.fxsunfurlers.com\/de\/wp-json\/wp\/v2\/pages\/1733\/revisions\/1826"}],"wp:attachment":[{"href":"https:\/\/www.fxsunfurlers.com\/de\/wp-json\/wp\/v2\/media?parent=1733"}],"curies":[{"name":"wp","href":"https:\/\/api.w.org\/{rel}","templated":true}]}}