{"id":1722,"date":"2025-03-06T11:07:45","date_gmt":"2025-03-06T10:07:45","guid":{"rendered":"https:\/\/fxsunfurlers.com\/unsere-tipps\/"},"modified":"2025-10-30T15:02:21","modified_gmt":"2025-10-30T14:02:21","slug":"nos-astuces","status":"publish","type":"page","link":"https:\/\/www.fxsunfurlers.com\/de\/nos-astuces\/","title":{"rendered":"Unsere Tipps"},"content":{"rendered":"\n<h2 class=\"wp-block-heading has-text-align-center\">Beratung durch unser FACNOR Team<\/h2>\n\n<div class=\"wp-block-columns is-layout-flex wp-container-core-columns-is-layout-9d6595d7 wp-block-columns-is-layout-flex\">\n<div class=\"wp-block-column is-layout-flow wp-block-column-is-layout-flow\">\n    <div class=\"cms-accordeons\">\n                    <details class=\"cms-accordeon\">\n                <summary class=\"head\">\n                    Eine Festmacherklampen f\u00fcr Schoten                                            <span class=\"cms-accordeon__arrow\"><svg class=\"icon\">\n            <use xlink:href=\"#icon-short-arrow\"><\/use>\n        <\/svg><\/span>\n                                    <\/summary>\n                <div class=\"body flex flex-col gap-3\">\n                    <div>\n                        Die Schot kann mit einem Wichard-Padeye gesichert werden, um zu verhindern, dass die Schot ungewollt ausrauscht.                    <\/div>\n\n                                            <img decoding=\"async\" loading=\"lazy\" src=\"https:\/\/www.fxsunfurlers.com\/wp-content\/uploads\/2025\/06\/FXSUN_CADENE_ACCESSOIRE.jpg\" alt=\"\" class=\"max-w-[200px] w-full\" \/>\n                                    <\/div>\n            <\/details>\n                    <details class=\"cms-accordeon\">\n                <summary class=\"head\">\n                    Die Klampenwinde                                            <span class=\"cms-accordeon__arrow\"><svg class=\"icon\">\n            <use xlink:href=\"#icon-short-arrow\"><\/use>\n        <\/svg><\/span>\n                                    <\/summary>\n                <div class=\"body flex flex-col gap-3\">\n                    <div>\n                        Facnor hat eine spezielle Klampenwinde entwickelt, die das Spannen der Schot eines Rollsegels einfacher und sicherer macht.                     <\/div>\n\n                                            <img decoding=\"async\" loading=\"lazy\" src=\"https:\/\/www.fxsunfurlers.com\/wp-content\/uploads\/2025\/06\/Taquetwinch.jpg\" alt=\"\" class=\"max-w-[200px] w-full\" \/>\n                                    <\/div>\n            <\/details>\n            <\/div>\n    \n<\/div>\n\n\n\n<div class=\"wp-block-column is-layout-flow wp-block-column-is-layout-flow\">\n    <div class=\"cms-accordeons\">\n                    <details class=\"cms-accordeon\">\n                <summary class=\"head\">\n                    Pflege der FXsun-Komponenten                                            <span class=\"cms-accordeon__arrow\"><svg class=\"icon\">\n            <use xlink:href=\"#icon-short-arrow\"><\/use>\n        <\/svg><\/span>\n                                    <\/summary>\n                <div class=\"body flex flex-col gap-3\">\n                    <div>\n                        Die FXsun-Rollanlagen sind wartungsfrei, da die Lager von Trommel und Wirbel durch Wellendichtungen gesch\u00fctzt sind. Unter Seelufteinflu\u00df empfiehlt sich, alle Teile regelm\u00e4\u00dfig mit S\u00fc\u00dfwasser zu sp\u00fclen.                     <\/div>\n\n                                    <\/div>\n            <\/details>\n                    <details class=\"cms-accordeon\">\n                <summary class=\"head\">\n                    Was mache ich mit meinem Sonnensegel und dem FXsun-System im Winter?                                             <span class=\"cms-accordeon__arrow\"><svg class=\"icon\">\n            <use xlink:href=\"#icon-short-arrow\"><\/use>\n        <\/svg><\/span>\n                                    <\/summary>\n                <div class=\"body flex flex-col gap-3\">\n                    <div>\n                        Im Winter sollten Sie Ihr Sonnensegel und das Rollsystem abbauen, reinigen und an einem trockenen und gut gel\u00fcfteten Ort lagern.                    <\/div>\n\n                                            <img decoding=\"async\" loading=\"lazy\" src=\"https:\/\/www.fxsunfurlers.com\/wp-content\/uploads\/2025\/06\/voile_housse_02.jpeg\" alt=\"\" class=\"max-w-[200px] w-full\" \/>\n                                    <\/div>\n            <\/details>\n            <\/div>\n    \n<\/div>\n<\/div>\n\n<p><\/p>\n\n<h2 class=\"wp-block-heading has-text-align-center\">Videos<\/h2>\n\n<div class=\"wp-block-columns is-layout-flex wp-container-core-columns-is-layout-9d6595d7 wp-block-columns-is-layout-flex\">\n<div class=\"wp-block-column is-layout-flow wp-block-column-is-layout-flow\">\n<figure class=\"wp-block-embed is-type-video is-provider-youtube wp-block-embed-youtube wp-embed-aspect-16-9 wp-has-aspect-ratio\"><div class=\"wp-block-embed__wrapper\">\n<iframe loading=\"lazy\" title=\"FXSun : D\u00e9rouler une voile d&#039;ombrage avec un emmagasineur \/ UNfuurl a shade sail with a FXSun Furler\" width=\"500\" height=\"281\" src=\"https:\/\/www.youtube.com\/embed\/QoAudDl3Si0?list=PLH1GvKfaY5sZFBoo0BBXtUjYCNLyTkXur\" frameborder=\"0\" allow=\"accelerometer; autoplay; clipboard-write; encrypted-media; gyroscope; picture-in-picture; web-share\" referrerpolicy=\"strict-origin-when-cross-origin\" allowfullscreen><\/iframe>\n<\/div><\/figure>\n<\/div>\n\n\n\n<div class=\"wp-block-column is-layout-flow wp-block-column-is-layout-flow\">\n<figure class=\"wp-block-embed is-type-video is-provider-youtube wp-block-embed-youtube wp-embed-aspect-16-9 wp-has-aspect-ratio\"><div class=\"wp-block-embed__wrapper\">\n<iframe loading=\"lazy\" title=\"Facnor T-Winch for shade sails - TWinch pour voiles d&#039;ombrage\" width=\"500\" height=\"281\" src=\"https:\/\/www.youtube.com\/embed\/-sdNTuefns4?list=PLH1GvKfaY5sZFBoo0BBXtUjYCNLyTkXur\" frameborder=\"0\" allow=\"accelerometer; autoplay; clipboard-write; encrypted-media; gyroscope; picture-in-picture; web-share\" referrerpolicy=\"strict-origin-when-cross-origin\" allowfullscreen><\/iframe>\n<\/div><\/figure>\n<\/div>\n<\/div>\n    <a href=\"https:\/\/www.youtube.com\/playlist?list=PLH1GvKfaY5sZFBoo0BBXtUjYCNLyTkXur\" class=\"cms-button\" target=\"\">\n        Retrouvez toutes nos vid\u00e9os SUR YOUTUBE    <\/a>\n\n<p><\/p>\n\n<h2 class=\"wp-block-heading has-text-align-center\">Kundenmeinungen<\/h2>\n\n<div class=\"wp-block-columns is-layout-flex wp-container-core-columns-is-layout-9d6595d7 wp-block-columns-is-layout-flex\">\n<div class=\"wp-block-column is-layout-flow wp-block-column-is-layout-flow\">    <div class=\"cms-temoignage-card\">\n        <img decoding=\"async\" src=\"https:\/\/www.fxsunfurlers.com\/wp-content\/uploads\/2025\/03\/Julie-170x170.jpeg\" alt=\"\" class=\"illustration\">\n        <div class=\"head\">\n            <p class=\"nom\">Julie<\/p>\n            <p class=\"role\">Nutzer einer FXsun\u2028Rollanlage (Region Nantes)<\/p>\n        <\/div>\n        <p class=\"temoignage\">&#8220;Die Sonnensegel brechen die geraden Linien des Hauses auf, sie wirken modern und erinnern uns an die K\u00fcstenlinie von Nantes (wo wir wohnen). (&#8230;) Die Tatsache, dass es rollbar ist und dass man das Segel abends oder zu jeder anderen Tageszeit dem Stand der Sonne anpassen kann, ist \u00e4u\u00dferst praktisch&#8221;.<\/p>\n\n                    <a href=\"https:\/\/youtu.be\/tahSEjPbCjY?si=WOKHzbx0Z0S0FyQZ\" class=\"button\" target=\"blank\">\n                <svg class=\"icon\">\n            <use xlink:href=\"#icon-video-round\"><\/use>\n        <\/svg>                Das vollst\u00e4ndige Interview ansehen            <\/a>            \n            <\/div>\n<\/div>\n\n\n\n<div class=\"wp-block-column is-layout-flow wp-block-column-is-layout-flow\">    <div class=\"cms-temoignage-card\">\n        <img decoding=\"async\" src=\"https:\/\/www.fxsunfurlers.com\/wp-content\/uploads\/2024\/10\/Yoshie-170x170.jpeg\" alt=\"\" class=\"illustration\">\n        <div class=\"head\">\n            <p class=\"nom\">Yoshie Misaki<\/p>\n            <p class=\"role\">Designer bei FUJITA SHOKAI<\/p>\n        <\/div>\n        <p class=\"temoignage\">&#8220;Ich habe mehr als 30 Sonnensegel mit FX Sun Anlagen installiert (&#8230;) Ich halte die Facnor FXSun Rollsysteme f\u00fcr sehr sicher und praktisch, da es einfach ist, das Sonnensegel aufzurollen und es je nach den Wetterbedingungen, die in Japan stark ver\u00e4nderlich sein k\u00f6nnen, wieder auszurollen. Ich empfehle die FXSun, weil sie einfach im Design und leicht zu handhaben sind&#8230;.&#8221;.<br>das vollst\u00e4ndiges Interview finden sie hier<\/p>\n\n                    <a href=\"https:\/\/youtu.be\/FXqmBbj2AhE?si=9rjD1q4DyrjcHB_n\" class=\"button\" target=\"blank\">\n                <svg class=\"icon\">\n            <use xlink:href=\"#icon-video-round\"><\/use>\n        <\/svg>                Das vollst\u00e4ndige Interview ansehen            <\/a>            \n            <\/div>\n<\/div>\n\n\n\n<div class=\"wp-block-column is-layout-flow wp-block-column-is-layout-flow\">    <div class=\"cms-temoignage-card\">\n        <img decoding=\"async\" src=\"https:\/\/www.fxsunfurlers.com\/wp-content\/uploads\/2025\/06\/david-170x170.jpg\" alt=\"\" class=\"illustration\">\n        <div class=\"head\">\n            <p class=\"nom\">David<\/p>\n            <p class=\"role\">Fachmann f\u00fcr FXsun bei AXE SAIL<\/p>\n        <\/div>\n        <p class=\"temoignage\">&#8220;Wir installieren Sonnensegel, die mit Fxsun-Rollanlagen bedient werden. Der Vorteil des Systems ist die einfache Handhabung. Wir montieren die gesamte Anlage in unserer Werkstatt und wenn wir bei unserem Kunden ankommen, bauen wir sie nur noch an. Das ist schl\u00fcsselfertig. Wir sind sehr gl\u00fccklich, mit diesen Anlagen zu arbeiten, besonders weil sie in Frankreich hergestellt werden.&#8221;<\/p>\n\n                    <a href=\"https:\/\/www.youtube.com\/watch?v=o3DjB4PFYkI&#038;list=PLH1GvKfaY5sZFBoo0BBXtUjYCNLyTkXur&#038;index=6\" class=\"button\" target=\"blank\">\n                <svg class=\"icon\">\n            <use xlink:href=\"#icon-video-round\"><\/use>\n        <\/svg>                Das vollst\u00e4ndige Interview ansehen            <\/a>            \n            <\/div>\n<\/div>\n<\/div>\n\n<p><\/p>\n","protected":false},"excerpt":{"rendered":"<p>Beratung durch unser FACNOR Team Videos Kundenmeinungen<\/p>\n","protected":false},"author":8,"featured_media":0,"parent":0,"menu_order":0,"comment_status":"closed","ping_status":"closed","template":"","meta":{"_acf_changed":false,"footnotes":""},"class_list":["post-1722","page","type-page","status-publish","hentry"],"acf":[],"yoast_head":"<!-- This site is optimized with the Yoast SEO plugin v27.5 - https:\/\/yoast.com\/product\/yoast-seo-wordpress\/ -->\n<title>Unsere Tipps - FXSun<\/title>\n<meta name=\"robots\" content=\"index, follow, max-snippet:-1, max-image-preview:large, max-video-preview:-1\" \/>\n<link rel=\"canonical\" href=\"https:\/\/www.fxsunfurlers.com\/de\/nos-astuces\/\" \/>\n<meta property=\"og:locale\" content=\"de_DE\" \/>\n<meta property=\"og:type\" content=\"article\" \/>\n<meta property=\"og:title\" content=\"Unsere Tipps - FXSun\" \/>\n<meta property=\"og:description\" content=\"Beratung durch unser FACNOR Team Videos Kundenmeinungen\" \/>\n<meta property=\"og:url\" content=\"https:\/\/www.fxsunfurlers.com\/de\/nos-astuces\/\" \/>\n<meta property=\"og:site_name\" content=\"FXSun\" \/>\n<meta property=\"article:modified_time\" content=\"2025-10-30T14:02:21+00:00\" \/>\n<meta name=\"twitter:card\" content=\"summary_large_image\" \/>\n<script type=\"application\/ld+json\" class=\"yoast-schema-graph\">{\"@context\":\"https:\\\/\\\/schema.org\",\"@graph\":[{\"@type\":\"WebPage\",\"@id\":\"https:\\\/\\\/www.fxsunfurlers.com\\\/de\\\/nos-astuces\\\/\",\"url\":\"https:\\\/\\\/www.fxsunfurlers.com\\\/de\\\/nos-astuces\\\/\",\"name\":\"Unsere Tipps - FXSun\",\"isPartOf\":{\"@id\":\"https:\\\/\\\/www.fxsunfurlers.com\\\/de\\\/#website\"},\"datePublished\":\"2025-03-06T10:07:45+00:00\",\"dateModified\":\"2025-10-30T14:02:21+00:00\",\"breadcrumb\":{\"@id\":\"https:\\\/\\\/www.fxsunfurlers.com\\\/de\\\/nos-astuces\\\/#breadcrumb\"},\"inLanguage\":\"de-DE\",\"potentialAction\":[{\"@type\":\"ReadAction\",\"target\":[\"https:\\\/\\\/www.fxsunfurlers.com\\\/de\\\/nos-astuces\\\/\"]}]},{\"@type\":\"BreadcrumbList\",\"@id\":\"https:\\\/\\\/www.fxsunfurlers.com\\\/de\\\/nos-astuces\\\/#breadcrumb\",\"itemListElement\":[{\"@type\":\"ListItem\",\"position\":1,\"name\":\"Accueil\",\"item\":\"https:\\\/\\\/www.fxsunfurlers.com\\\/de\\\/\"},{\"@type\":\"ListItem\",\"position\":2,\"name\":\"Unsere Tipps\"}]},{\"@type\":\"WebSite\",\"@id\":\"https:\\\/\\\/www.fxsunfurlers.com\\\/de\\\/#website\",\"url\":\"https:\\\/\\\/www.fxsunfurlers.com\\\/de\\\/\",\"name\":\"FXSun\",\"description\":\"Solution marine pour voiles d&#039;ombrage\",\"potentialAction\":[{\"@type\":\"SearchAction\",\"target\":{\"@type\":\"EntryPoint\",\"urlTemplate\":\"https:\\\/\\\/www.fxsunfurlers.com\\\/de\\\/?s={search_term_string}\"},\"query-input\":{\"@type\":\"PropertyValueSpecification\",\"valueRequired\":true,\"valueName\":\"search_term_string\"}}],\"inLanguage\":\"de-DE\"}]}<\/script>\n<!-- \/ Yoast SEO plugin. -->","yoast_head_json":{"title":"Unsere Tipps - FXSun","robots":{"index":"index","follow":"follow","max-snippet":"max-snippet:-1","max-image-preview":"max-image-preview:large","max-video-preview":"max-video-preview:-1"},"canonical":"https:\/\/www.fxsunfurlers.com\/de\/nos-astuces\/","og_locale":"de_DE","og_type":"article","og_title":"Unsere Tipps - FXSun","og_description":"Beratung durch unser FACNOR Team Videos Kundenmeinungen","og_url":"https:\/\/www.fxsunfurlers.com\/de\/nos-astuces\/","og_site_name":"FXSun","article_modified_time":"2025-10-30T14:02:21+00:00","twitter_card":"summary_large_image","schema":{"@context":"https:\/\/schema.org","@graph":[{"@type":"WebPage","@id":"https:\/\/www.fxsunfurlers.com\/de\/nos-astuces\/","url":"https:\/\/www.fxsunfurlers.com\/de\/nos-astuces\/","name":"Unsere Tipps - FXSun","isPartOf":{"@id":"https:\/\/www.fxsunfurlers.com\/de\/#website"},"datePublished":"2025-03-06T10:07:45+00:00","dateModified":"2025-10-30T14:02:21+00:00","breadcrumb":{"@id":"https:\/\/www.fxsunfurlers.com\/de\/nos-astuces\/#breadcrumb"},"inLanguage":"de-DE","potentialAction":[{"@type":"ReadAction","target":["https:\/\/www.fxsunfurlers.com\/de\/nos-astuces\/"]}]},{"@type":"BreadcrumbList","@id":"https:\/\/www.fxsunfurlers.com\/de\/nos-astuces\/#breadcrumb","itemListElement":[{"@type":"ListItem","position":1,"name":"Accueil","item":"https:\/\/www.fxsunfurlers.com\/de\/"},{"@type":"ListItem","position":2,"name":"Unsere Tipps"}]},{"@type":"WebSite","@id":"https:\/\/www.fxsunfurlers.com\/de\/#website","url":"https:\/\/www.fxsunfurlers.com\/de\/","name":"FXSun","description":"Solution marine pour voiles d&#039;ombrage","potentialAction":[{"@type":"SearchAction","target":{"@type":"EntryPoint","urlTemplate":"https:\/\/www.fxsunfurlers.com\/de\/?s={search_term_string}"},"query-input":{"@type":"PropertyValueSpecification","valueRequired":true,"valueName":"search_term_string"}}],"inLanguage":"de-DE"}]}},"_links":{"self":[{"href":"https:\/\/www.fxsunfurlers.com\/de\/wp-json\/wp\/v2\/pages\/1722","targetHints":{"allow":["GET"]}}],"collection":[{"href":"https:\/\/www.fxsunfurlers.com\/de\/wp-json\/wp\/v2\/pages"}],"about":[{"href":"https:\/\/www.fxsunfurlers.com\/de\/wp-json\/wp\/v2\/types\/page"}],"author":[{"embeddable":true,"href":"https:\/\/www.fxsunfurlers.com\/de\/wp-json\/wp\/v2\/users\/8"}],"replies":[{"embeddable":true,"href":"https:\/\/www.fxsunfurlers.com\/de\/wp-json\/wp\/v2\/comments?post=1722"}],"version-history":[{"count":4,"href":"https:\/\/www.fxsunfurlers.com\/de\/wp-json\/wp\/v2\/pages\/1722\/revisions"}],"predecessor-version":[{"id":1806,"href":"https:\/\/www.fxsunfurlers.com\/de\/wp-json\/wp\/v2\/pages\/1722\/revisions\/1806"}],"wp:attachment":[{"href":"https:\/\/www.fxsunfurlers.com\/de\/wp-json\/wp\/v2\/media?parent=1722"}],"curies":[{"name":"wp","href":"https:\/\/api.w.org\/{rel}","templated":true}]}}