{"id":1720,"date":"2024-10-07T17:33:52","date_gmt":"2024-10-07T15:33:52","guid":{"rendered":"https:\/\/fxsunfurlers.com\/faq\/"},"modified":"2025-10-28T16:47:10","modified_gmt":"2025-10-28T15:47:10","slug":"faq","status":"publish","type":"page","link":"https:\/\/www.fxsunfurlers.com\/de\/faq\/","title":{"rendered":"FAQ"},"content":{"rendered":"\n<h2 class=\"wp-block-heading\">Privatkunden<\/h2>\n\n    <div class=\"cms-accordeons\">\n                    <details class=\"cms-accordeon\">\n                <summary class=\"head\">\n                    Warum sollten Sie sich f\u00fcr ein aufrollbares Sonnensegel mit einer Fxsun Rollanlage entscheiden?                                             <span class=\"cms-accordeon__arrow\"><svg class=\"icon\">\n            <use xlink:href=\"#icon-short-arrow\"><\/use>\n        <\/svg><\/span>\n                                    <\/summary>\n                <div class=\"body flex flex-col gap-3\">\n                    <div>\n                        Mit den Fxsun-Rollanlagen k\u00f6nnen Sie Ihr Sonnensegel je nach Bedarf mit einem Handgriff auf- und abrollen.                    <\/div>\n\n                                    <\/div>\n            <\/details>\n                    <details class=\"cms-accordeon\">\n                <summary class=\"head\">\n                    Kann ich das FXsun-System selbst installieren?                                            <span class=\"cms-accordeon__arrow\"><svg class=\"icon\">\n            <use xlink:href=\"#icon-short-arrow\"><\/use>\n        <\/svg><\/span>\n                                    <\/summary>\n                <div class=\"body flex flex-col gap-3\">\n                    <div>\n                        Das FXsun-System sollte von unseren autorisierten H\u00e4ndlern installiert werden, die Sie bei Ihrem Projekt beraten und den Kundendienst \u00fcbernehmen.                    <\/div>\n\n                                    <\/div>\n            <\/details>\n                    <details class=\"cms-accordeon\">\n                <summary class=\"head\">\n                    Wo finde ich einen Fxsun H\u00e4ndler und Monteur?                                            <span class=\"cms-accordeon__arrow\"><svg class=\"icon\">\n            <use xlink:href=\"#icon-short-arrow\"><\/use>\n        <\/svg><\/span>\n                                    <\/summary>\n                <div class=\"body flex flex-col gap-3\">\n                    <div>\n                        <a href=\"https:\/\/fxsunfurlers.com\/de\/kontakt-privatpersonen\/\" target=\"_blank\">Kontaktieren Sie einen H\u00e4ndler in Ihrer N\u00e4he<\/a>                    <\/div>\n\n                                    <\/div>\n            <\/details>\n                    <details class=\"cms-accordeon\">\n                <summary class=\"head\">\n                    Gibt es eine Garantie auf FXsun Rollanlagen f\u00fcr Sonnensegel?                                             <span class=\"cms-accordeon__arrow\"><svg class=\"icon\">\n            <use xlink:href=\"#icon-short-arrow\"><\/use>\n        <\/svg><\/span>\n                                    <\/summary>\n                <div class=\"body flex flex-col gap-3\">\n                    <div>\n                        Auf Fxsun Rollanlagen geben wir eine Garantie von 5 Jahren. Der Kundendienst wird von unseren autorisierten H\u00e4ndlern \u00fcbernommen.                      <\/div>\n\n                                    <\/div>\n            <\/details>\n                    <details class=\"cms-accordeon\">\n                <summary class=\"head\">\n                    Was ist eine Schot bei einem aufrollbaren Sonnensegel?                                              <span class=\"cms-accordeon__arrow\"><svg class=\"icon\">\n            <use xlink:href=\"#icon-short-arrow\"><\/use>\n        <\/svg><\/span>\n                                    <\/summary>\n                <div class=\"body flex flex-col gap-3\">\n                    <div>\n                        Die Schot ist die Leine, die an einer Ecke des Segels befestigt ist, mit dem es bedient wird. So kann ein Sonnensegel je nach Konstruktion durchaus mehrere Schoten habenum es zu verspannen. <br>Schot ist ein nautischer Begriff. Jede Leine an Bord dient einem bestimmten Zweck und hat daher einen eigenen Namen, so das die Crew bei Man\u00f6vern wei\u00df, welche Leine zu bedienen ist.                      <\/div>\n\n                                    <\/div>\n            <\/details>\n            <\/div>\n    \n\n<h2 class=\"wp-block-heading\">Fachleute<\/h2>\n\n    <div class=\"cms-accordeons\">\n                    <details class=\"cms-accordeon\">\n                <summary class=\"head\">\n                    Wie w\u00e4hle ich das richtige FXsun-Modell?                                            <span class=\"cms-accordeon__arrow\"><svg class=\"icon\">\n            <use xlink:href=\"#icon-short-arrow\"><\/use>\n        <\/svg><\/span>\n                                    <\/summary>\n                <div class=\"body flex flex-col gap-3\">\n                    <div>\n                        Die Auswahl des FXsun-Modells h\u00e4ngt von der Fl\u00e4che des Sonnensegels ab, die aufgerollt werden soll. Ausserdem ist die L\u00e4nge des Anti-Torsions-Kabels, um das das Segel auf- und abgerollt wird, wichtig.                    <\/div>\n\n                                    <\/div>\n            <\/details>\n                    <details class=\"cms-accordeon\">\n                <summary class=\"head\">\n                    Was enthalten die FXsun-Systeme?                                             <span class=\"cms-accordeon__arrow\"><svg class=\"icon\">\n            <use xlink:href=\"#icon-short-arrow\"><\/use>\n        <\/svg><\/span>\n                                    <\/summary>\n                <div class=\"body flex flex-col gap-3\">\n                    <div>\n                        Das FXsun-Komplettpaket besteht aus einer Trommel mit Reffleine, dem Wirbel und einer Anti-Torsionsleine mit zwei Kauschen.                    <\/div>\n\n                                    <\/div>\n            <\/details>\n                    <details class=\"cms-accordeon\">\n                <summary class=\"head\">\n                    Wie werde ich Fxsun-H\u00e4ndler?                                             <span class=\"cms-accordeon__arrow\"><svg class=\"icon\">\n            <use xlink:href=\"#icon-short-arrow\"><\/use>\n        <\/svg><\/span>\n                                    <\/summary>\n                <div class=\"body flex flex-col gap-3\">\n                    <div>\n                        Bitte f\u00fcllen Sie das <a href=\"https:\/\/fxsunfurlers.com\/de\/kontakt-pro\/\" target=\"_blank\">Fachh\u00e4ndler-Formular<\/a> aus                    <\/div>\n\n                                    <\/div>\n            <\/details>\n                    <details class=\"cms-accordeon\">\n                <summary class=\"head\">\n                    Wie installiert man das ATC-Kit?                                            <span class=\"cms-accordeon__arrow\"><svg class=\"icon\">\n            <use xlink:href=\"#icon-short-arrow\"><\/use>\n        <\/svg><\/span>\n                                    <\/summary>\n                <div class=\"body flex flex-col gap-3\">\n                    <div>\n                        Schauen sie sich das <a href=\"https:\/\/www.youtube.com\/watch?v=bIyUsdn_Ks0&amp;list=PLH1GvKfaY5sZFBoo0BBXtUjYCNLyTkXur&amp;index=8\" target=\"_blank\">Tutorial<\/a> auf unserem Youtube-Kanal an. \r\n\r\n                    <\/div>\n\n                                    <\/div>\n            <\/details>\n                    <details class=\"cms-accordeon\">\n                <summary class=\"head\">\n                    Wo finde ich technische Datenbl\u00e4tter, Gebrauchs- und Montageanleitungen?                                            <span class=\"cms-accordeon__arrow\"><svg class=\"icon\">\n            <use xlink:href=\"#icon-short-arrow\"><\/use>\n        <\/svg><\/span>\n                                    <\/summary>\n                <div class=\"body flex flex-col gap-3\">\n                    <div>\n                        Alle Dokumente finden Sie im<a href=\"https:\/\/fxsunfurlers.com\/de\/technische-unterstuetzung\/\" target=\"_blank\"> Bereich Technischer Support auf unserer Webseite Unterst\u00fctzung<\/a>.                    <\/div>\n\n                                    <\/div>\n            <\/details>\n            <\/div>\n    \n\n<p><\/p>\n","protected":false},"excerpt":{"rendered":"<p>Privatkunden Fachleute<\/p>\n","protected":false},"author":8,"featured_media":0,"parent":0,"menu_order":0,"comment_status":"closed","ping_status":"closed","template":"","meta":{"_acf_changed":false,"footnotes":""},"class_list":["post-1720","page","type-page","status-publish","hentry"],"acf":[],"yoast_head":"<!-- This site is optimized with the Yoast SEO plugin v27.5 - https:\/\/yoast.com\/product\/yoast-seo-wordpress\/ -->\n<title>FAQ - FXSun<\/title>\n<meta name=\"robots\" content=\"index, follow, max-snippet:-1, max-image-preview:large, max-video-preview:-1\" \/>\n<link rel=\"canonical\" href=\"https:\/\/www.fxsunfurlers.com\/de\/faq\/\" \/>\n<meta property=\"og:locale\" content=\"de_DE\" \/>\n<meta property=\"og:type\" content=\"article\" \/>\n<meta property=\"og:title\" content=\"FAQ - FXSun\" \/>\n<meta property=\"og:description\" content=\"Privatkunden Fachleute\" \/>\n<meta property=\"og:url\" content=\"https:\/\/www.fxsunfurlers.com\/de\/faq\/\" \/>\n<meta property=\"og:site_name\" content=\"FXSun\" \/>\n<meta property=\"article:modified_time\" content=\"2025-10-28T15:47:10+00:00\" \/>\n<meta name=\"twitter:card\" content=\"summary_large_image\" \/>\n<script type=\"application\/ld+json\" class=\"yoast-schema-graph\">{\"@context\":\"https:\\\/\\\/schema.org\",\"@graph\":[{\"@type\":\"WebPage\",\"@id\":\"https:\\\/\\\/www.fxsunfurlers.com\\\/de\\\/faq\\\/\",\"url\":\"https:\\\/\\\/www.fxsunfurlers.com\\\/de\\\/faq\\\/\",\"name\":\"FAQ - FXSun\",\"isPartOf\":{\"@id\":\"https:\\\/\\\/www.fxsunfurlers.com\\\/de\\\/#website\"},\"datePublished\":\"2024-10-07T15:33:52+00:00\",\"dateModified\":\"2025-10-28T15:47:10+00:00\",\"breadcrumb\":{\"@id\":\"https:\\\/\\\/www.fxsunfurlers.com\\\/de\\\/faq\\\/#breadcrumb\"},\"inLanguage\":\"de-DE\",\"potentialAction\":[{\"@type\":\"ReadAction\",\"target\":[\"https:\\\/\\\/www.fxsunfurlers.com\\\/de\\\/faq\\\/\"]}]},{\"@type\":\"BreadcrumbList\",\"@id\":\"https:\\\/\\\/www.fxsunfurlers.com\\\/de\\\/faq\\\/#breadcrumb\",\"itemListElement\":[{\"@type\":\"ListItem\",\"position\":1,\"name\":\"Accueil\",\"item\":\"https:\\\/\\\/www.fxsunfurlers.com\\\/de\\\/\"},{\"@type\":\"ListItem\",\"position\":2,\"name\":\"FAQ\"}]},{\"@type\":\"WebSite\",\"@id\":\"https:\\\/\\\/www.fxsunfurlers.com\\\/de\\\/#website\",\"url\":\"https:\\\/\\\/www.fxsunfurlers.com\\\/de\\\/\",\"name\":\"FXSun\",\"description\":\"Solution marine pour voiles d&#039;ombrage\",\"potentialAction\":[{\"@type\":\"SearchAction\",\"target\":{\"@type\":\"EntryPoint\",\"urlTemplate\":\"https:\\\/\\\/www.fxsunfurlers.com\\\/de\\\/?s={search_term_string}\"},\"query-input\":{\"@type\":\"PropertyValueSpecification\",\"valueRequired\":true,\"valueName\":\"search_term_string\"}}],\"inLanguage\":\"de-DE\"}]}<\/script>\n<!-- \/ Yoast SEO plugin. -->","yoast_head_json":{"title":"FAQ - FXSun","robots":{"index":"index","follow":"follow","max-snippet":"max-snippet:-1","max-image-preview":"max-image-preview:large","max-video-preview":"max-video-preview:-1"},"canonical":"https:\/\/www.fxsunfurlers.com\/de\/faq\/","og_locale":"de_DE","og_type":"article","og_title":"FAQ - FXSun","og_description":"Privatkunden Fachleute","og_url":"https:\/\/www.fxsunfurlers.com\/de\/faq\/","og_site_name":"FXSun","article_modified_time":"2025-10-28T15:47:10+00:00","twitter_card":"summary_large_image","schema":{"@context":"https:\/\/schema.org","@graph":[{"@type":"WebPage","@id":"https:\/\/www.fxsunfurlers.com\/de\/faq\/","url":"https:\/\/www.fxsunfurlers.com\/de\/faq\/","name":"FAQ - FXSun","isPartOf":{"@id":"https:\/\/www.fxsunfurlers.com\/de\/#website"},"datePublished":"2024-10-07T15:33:52+00:00","dateModified":"2025-10-28T15:47:10+00:00","breadcrumb":{"@id":"https:\/\/www.fxsunfurlers.com\/de\/faq\/#breadcrumb"},"inLanguage":"de-DE","potentialAction":[{"@type":"ReadAction","target":["https:\/\/www.fxsunfurlers.com\/de\/faq\/"]}]},{"@type":"BreadcrumbList","@id":"https:\/\/www.fxsunfurlers.com\/de\/faq\/#breadcrumb","itemListElement":[{"@type":"ListItem","position":1,"name":"Accueil","item":"https:\/\/www.fxsunfurlers.com\/de\/"},{"@type":"ListItem","position":2,"name":"FAQ"}]},{"@type":"WebSite","@id":"https:\/\/www.fxsunfurlers.com\/de\/#website","url":"https:\/\/www.fxsunfurlers.com\/de\/","name":"FXSun","description":"Solution marine pour voiles d&#039;ombrage","potentialAction":[{"@type":"SearchAction","target":{"@type":"EntryPoint","urlTemplate":"https:\/\/www.fxsunfurlers.com\/de\/?s={search_term_string}"},"query-input":{"@type":"PropertyValueSpecification","valueRequired":true,"valueName":"search_term_string"}}],"inLanguage":"de-DE"}]}},"_links":{"self":[{"href":"https:\/\/www.fxsunfurlers.com\/de\/wp-json\/wp\/v2\/pages\/1720","targetHints":{"allow":["GET"]}}],"collection":[{"href":"https:\/\/www.fxsunfurlers.com\/de\/wp-json\/wp\/v2\/pages"}],"about":[{"href":"https:\/\/www.fxsunfurlers.com\/de\/wp-json\/wp\/v2\/types\/page"}],"author":[{"embeddable":true,"href":"https:\/\/www.fxsunfurlers.com\/de\/wp-json\/wp\/v2\/users\/8"}],"replies":[{"embeddable":true,"href":"https:\/\/www.fxsunfurlers.com\/de\/wp-json\/wp\/v2\/comments?post=1720"}],"version-history":[{"count":6,"href":"https:\/\/www.fxsunfurlers.com\/de\/wp-json\/wp\/v2\/pages\/1720\/revisions"}],"predecessor-version":[{"id":1801,"href":"https:\/\/www.fxsunfurlers.com\/de\/wp-json\/wp\/v2\/pages\/1720\/revisions\/1801"}],"wp:attachment":[{"href":"https:\/\/www.fxsunfurlers.com\/de\/wp-json\/wp\/v2\/media?parent=1720"}],"curies":[{"name":"wp","href":"https:\/\/api.w.org\/{rel}","templated":true}]}}